{"id":2639,"date":"2024-01-24T19:19:41","date_gmt":"2024-01-24T16:19:41","guid":{"rendered":"https:\/\/kyklostravel.gr\/condiciones-de-uso\/"},"modified":"2024-01-24T19:19:41","modified_gmt":"2024-01-24T16:19:41","slug":"condiciones-de-uso","status":"publish","type":"page","link":"https:\/\/kyklostravel.gr\/es\/condiciones-de-uso\/","title":{"rendered":"Condiciones de uso"},"content":{"rendered":"<p><strong>Condiciones de uso<\/strong><\/p>\n<p><strong>Los siguientes t\u00e9rminos y condiciones rigen el uso del sitio web <a href=\"http:\/\/www.kyklostravel.gr\/\" target=\"_new\" rel=\"noopener\">www.kyklostravel.gr<\/a>. Al acceder y utilizar el sitio web, aceptas los siguientes t\u00e9rminos y condiciones y te comprometes a respetarlos y cumplirlos:<\/strong><\/p>\n<ol>\n<li><strong>Aceptaci\u00f3n de las Condiciones:<br \/>\nEl uso de <a href=\"http:\/\/www.kyklostravel.gr\/\" target=\"_new\" rel=\"noopener\">www.kyklostravel.gr<\/a> implica la aceptaci\u00f3n de estas condiciones de uso. Se ruega a cualquier usuario que no est\u00e9 de acuerdo con estas condiciones que no utilice el sitio web.<\/strong><\/li>\n<li><strong>Restricciones de uso:<br \/>\nLa utilizaci\u00f3n de los contenidos y servicios del sitio web est\u00e1 permitida \u00fanicamente para uso personal. Cualquier reproducci\u00f3n, distribuci\u00f3n, transmisi\u00f3n, exhibici\u00f3n p\u00fablica u otro tipo de explotaci\u00f3n requiere autorizaci\u00f3n por escrito.<\/strong><\/li>\n<li><strong>Contenido del usuario:<br \/>\nEn caso de env\u00edo de contenido por parte de los usuarios (comentarios, rese\u00f1as, fotos), \u00e9stos aceptan que el contenido no viola los derechos de terceros y conceden una licencia al sitio web.<\/strong><\/li>\n<li><strong>Datos personales:<br \/>\nLa recogida y uso de datos personales se rige por la pol\u00edtica de privacidad del sitio web, y el usuario consiente este proceso.<\/strong><\/li>\n<li><strong>Anuncios y actualizaciones:<br \/>\nEl sitio web se reserva el derecho a modificar su contenido, incluidas las condiciones de uso, sin previo aviso. El uso continuado indica la aceptaci\u00f3n de las modificaciones.<\/strong><\/li>\n<li><strong>Responsabilidad:<br \/>\nEl sitio web proporciona informaci\u00f3n de buena fe, pero no es responsable de que la informaci\u00f3n sea exacta, completa o est\u00e9 actualizada.<\/strong><\/li>\n<li><strong>Enlaces a sitios de terceros:<br \/>\nPueden existir enlaces a sitios web de terceros. No somos responsables del contenido ni de las pr\u00e1cticas de privacidad de estos sitios web.<\/strong><\/li>\n<li><strong>Ley aplicable:<br \/>\nEstos t\u00e9rminos est\u00e1n sujetos a la legislaci\u00f3n griega, y cualquier disputa que surja est\u00e1 sujeta a la jurisdicci\u00f3n exclusiva de los tribunales griegos.<\/strong><\/li>\n<li><strong>Contacto:<br \/>\nSi tienes alguna duda o pregunta sobre estas condiciones, ponte en contacto con nosotros en <a target=\"_new\" rel=\"noopener\">circle@otenet.gr.<\/a><\/strong><\/li>\n<\/ol>\n","protected":false},"excerpt":{"rendered":"<p>Condiciones de uso Los siguientes t\u00e9rminos y condiciones rigen el uso del sitio web www.kyklostravel.gr. Al acceder y utilizar el sitio web, aceptas los siguientes t\u00e9rminos y condiciones y te comprometes a respetarlos y cumplirlos: Aceptaci\u00f3n de las Condiciones: El uso de www.kyklostravel.gr implica la aceptaci\u00f3n de estas condiciones de uso. Se ruega a cualquier&hellip;<\/p>\n","protected":false},"author":1,"featured_media":0,"parent":0,"menu_order":0,"comment_status":"closed","ping_status":"closed","template":"","meta":{"inline_featured_image":false,"footnotes":""},"yoast_head":"<!-- This site is optimized with the Yoast SEO plugin v22.7 - https:\/\/yoast.com\/wordpress\/plugins\/seo\/ -->\n<title>Condiciones de uso - Kyklos Travel<\/title>\n<meta name=\"description\" content=\"30 \u03c7\u03c1\u03cc\u03bd\u03b9\u03b1 \u03b5\u03bc\u03c0\u03b5\u03b9\u03c1\u03af\u03b1\u03c2 \u03ba\u03b1\u03b9 \u03b5\u03be\u03b5\u03b9\u03b4\u03af\u03ba\u03b5\u03c5\u03c3\u03b7\u03c2 \u03c3\u03c4\u03b1 \u03c4\u03b1\u03be\u03af\u03b4\u03b9\u03b1 \u03c3\u03c4\u03b7\u03bd \u0399\u03b2\u03b7\u03c1\u03b9\u03ba\u03ae. \u03a4\u03b1 \u03c4\u03b1\u03be\u03af\u03b4\u03b9\u03b1 \u03c3\u03c4\u03bf\u03bd \u039a\u03a5\u039a\u039b\u039f\u03a3 Travel \u03b4\u03b5 \u03c3\u03c4\u03b1\u03bc\u03b1\u03c4\u03bf\u03cd\u03bd \u03c0\u03bf\u03c4\u03ad!\" \/>\n<meta name=\"robots\" content=\"index, follow, max-snippet:-1, max-image-preview:large, max-video-preview:-1\" \/>\n<link rel=\"canonical\" href=\"https:\/\/kyklostravel.gr\/condiciones-de-uso\/\" \/>\n<meta property=\"og:locale\" content=\"es_ES\" \/>\n<meta property=\"og:type\" content=\"article\" \/>\n<meta property=\"og:title\" content=\"Condiciones de uso - Kyklos Travel\" \/>\n<meta property=\"og:description\" content=\"30 \u03c7\u03c1\u03cc\u03bd\u03b9\u03b1 \u03b5\u03bc\u03c0\u03b5\u03b9\u03c1\u03af\u03b1\u03c2 \u03ba\u03b1\u03b9 \u03b5\u03be\u03b5\u03b9\u03b4\u03af\u03ba\u03b5\u03c5\u03c3\u03b7\u03c2 \u03c3\u03c4\u03b1 \u03c4\u03b1\u03be\u03af\u03b4\u03b9\u03b1 \u03c3\u03c4\u03b7\u03bd \u0399\u03b2\u03b7\u03c1\u03b9\u03ba\u03ae. \u03a4\u03b1 \u03c4\u03b1\u03be\u03af\u03b4\u03b9\u03b1 \u03c3\u03c4\u03bf\u03bd \u039a\u03a5\u039a\u039b\u039f\u03a3 Travel \u03b4\u03b5 \u03c3\u03c4\u03b1\u03bc\u03b1\u03c4\u03bf\u03cd\u03bd \u03c0\u03bf\u03c4\u03ad!\" \/>\n<meta property=\"og:url\" content=\"https:\/\/kyklostravel.gr\/condiciones-de-uso\/\" \/>\n<meta property=\"og:site_name\" content=\"Kyklos Travel\" \/>\n<meta property=\"article:publisher\" content=\"https:\/\/www.facebook.com\/kyklostravel?fref=ts\" \/>\n<meta property=\"og:image\" content=\"https:\/\/kyklostravel.gr\/wp-content\/uploads\/2023\/07\/Kyklos-logo-2021-GR-1.png\" \/>\n\t<meta property=\"og:image:width\" content=\"280\" \/>\n\t<meta property=\"og:image:height\" content=\"119\" \/>\n\t<meta property=\"og:image:type\" content=\"image\/png\" \/>\n<meta name=\"twitter:card\" content=\"summary_large_image\" \/>\n<meta name=\"twitter:label1\" content=\"Tiempo de lectura\" \/>\n\t<meta name=\"twitter:data1\" content=\"2 minutos\" \/>\n<script type=\"application\/ld+json\" class=\"yoast-schema-graph\">{\"@context\":\"https:\/\/schema.org\",\"@graph\":[{\"@type\":\"WebPage\",\"@id\":\"https:\/\/kyklostravel.gr\/condiciones-de-uso\/\",\"url\":\"https:\/\/kyklostravel.gr\/condiciones-de-uso\/\",\"name\":\"Condiciones de uso - Kyklos Travel\",\"isPartOf\":{\"@id\":\"https:\/\/kyklostravel.gr\/es\/#website\"},\"datePublished\":\"2024-01-24T16:19:41+00:00\",\"dateModified\":\"2024-01-24T16:19:41+00:00\",\"description\":\"30 \u03c7\u03c1\u03cc\u03bd\u03b9\u03b1 \u03b5\u03bc\u03c0\u03b5\u03b9\u03c1\u03af\u03b1\u03c2 \u03ba\u03b1\u03b9 \u03b5\u03be\u03b5\u03b9\u03b4\u03af\u03ba\u03b5\u03c5\u03c3\u03b7\u03c2 \u03c3\u03c4\u03b1 \u03c4\u03b1\u03be\u03af\u03b4\u03b9\u03b1 \u03c3\u03c4\u03b7\u03bd \u0399\u03b2\u03b7\u03c1\u03b9\u03ba\u03ae. \u03a4\u03b1 \u03c4\u03b1\u03be\u03af\u03b4\u03b9\u03b1 \u03c3\u03c4\u03bf\u03bd \u039a\u03a5\u039a\u039b\u039f\u03a3 Travel \u03b4\u03b5 \u03c3\u03c4\u03b1\u03bc\u03b1\u03c4\u03bf\u03cd\u03bd \u03c0\u03bf\u03c4\u03ad!\",\"breadcrumb\":{\"@id\":\"https:\/\/kyklostravel.gr\/condiciones-de-uso\/#breadcrumb\"},\"inLanguage\":\"es\",\"potentialAction\":[{\"@type\":\"ReadAction\",\"target\":[\"https:\/\/kyklostravel.gr\/condiciones-de-uso\/\"]}]},{\"@type\":\"BreadcrumbList\",\"@id\":\"https:\/\/kyklostravel.gr\/condiciones-de-uso\/#breadcrumb\",\"itemListElement\":[{\"@type\":\"ListItem\",\"position\":1,\"name\":\"Home\",\"item\":\"https:\/\/kyklostravel.gr\/es\/\"},{\"@type\":\"ListItem\",\"position\":2,\"name\":\"Condiciones de uso\"}]},{\"@type\":\"WebSite\",\"@id\":\"https:\/\/kyklostravel.gr\/es\/#website\",\"url\":\"https:\/\/kyklostravel.gr\/es\/\",\"name\":\"Kyklos Travel\",\"description\":\"\u03a4\u03b1\u03be\u03af\u03b4\u03b9\u03b1 \u03c3\u03c4\u03b7\u03bd \u0399\u03c3\u03c0\u03b1\u03bd\u03af\u03b1 \u03ba\u03b1\u03b9 \u03c4\u03b7\u03bd \u03a0\u03bf\u03c1\u03c4\u03bf\u03b3\u03b1\u03bb\u03af\u03b1\",\"publisher\":{\"@id\":\"https:\/\/kyklostravel.gr\/es\/#organization\"},\"potentialAction\":[{\"@type\":\"SearchAction\",\"target\":{\"@type\":\"EntryPoint\",\"urlTemplate\":\"https:\/\/kyklostravel.gr\/es\/?s={search_term_string}\"},\"query-input\":\"required name=search_term_string\"}],\"inLanguage\":\"es\"},{\"@type\":\"Organization\",\"@id\":\"https:\/\/kyklostravel.gr\/es\/#organization\",\"name\":\"Kyklos Travel\",\"url\":\"https:\/\/kyklostravel.gr\/es\/\",\"logo\":{\"@type\":\"ImageObject\",\"inLanguage\":\"es\",\"@id\":\"https:\/\/kyklostravel.gr\/es\/#\/schema\/logo\/image\/\",\"url\":\"https:\/\/kyklostravel.gr\/wp-content\/uploads\/2023\/07\/Kyklos-logo-2021-GR-1.png\",\"contentUrl\":\"https:\/\/kyklostravel.gr\/wp-content\/uploads\/2023\/07\/Kyklos-logo-2021-GR-1.png\",\"width\":280,\"height\":119,\"caption\":\"Kyklos Travel\"},\"image\":{\"@id\":\"https:\/\/kyklostravel.gr\/es\/#\/schema\/logo\/image\/\"},\"sameAs\":[\"https:\/\/www.facebook.com\/kyklostravel?fref=ts\",\"https:\/\/www.instagram.com\/kyklostravel\/\"]}]}<\/script>\n<!-- \/ Yoast SEO plugin. -->","yoast_head_json":{"title":"Condiciones de uso - Kyklos Travel","description":"30 \u03c7\u03c1\u03cc\u03bd\u03b9\u03b1 \u03b5\u03bc\u03c0\u03b5\u03b9\u03c1\u03af\u03b1\u03c2 \u03ba\u03b1\u03b9 \u03b5\u03be\u03b5\u03b9\u03b4\u03af\u03ba\u03b5\u03c5\u03c3\u03b7\u03c2 \u03c3\u03c4\u03b1 \u03c4\u03b1\u03be\u03af\u03b4\u03b9\u03b1 \u03c3\u03c4\u03b7\u03bd \u0399\u03b2\u03b7\u03c1\u03b9\u03ba\u03ae. \u03a4\u03b1 \u03c4\u03b1\u03be\u03af\u03b4\u03b9\u03b1 \u03c3\u03c4\u03bf\u03bd \u039a\u03a5\u039a\u039b\u039f\u03a3 Travel \u03b4\u03b5 \u03c3\u03c4\u03b1\u03bc\u03b1\u03c4\u03bf\u03cd\u03bd \u03c0\u03bf\u03c4\u03ad!","robots":{"index":"index","follow":"follow","max-snippet":"max-snippet:-1","max-image-preview":"max-image-preview:large","max-video-preview":"max-video-preview:-1"},"canonical":"https:\/\/kyklostravel.gr\/condiciones-de-uso\/","og_locale":"es_ES","og_type":"article","og_title":"Condiciones de uso - Kyklos Travel","og_description":"30 \u03c7\u03c1\u03cc\u03bd\u03b9\u03b1 \u03b5\u03bc\u03c0\u03b5\u03b9\u03c1\u03af\u03b1\u03c2 \u03ba\u03b1\u03b9 \u03b5\u03be\u03b5\u03b9\u03b4\u03af\u03ba\u03b5\u03c5\u03c3\u03b7\u03c2 \u03c3\u03c4\u03b1 \u03c4\u03b1\u03be\u03af\u03b4\u03b9\u03b1 \u03c3\u03c4\u03b7\u03bd \u0399\u03b2\u03b7\u03c1\u03b9\u03ba\u03ae. \u03a4\u03b1 \u03c4\u03b1\u03be\u03af\u03b4\u03b9\u03b1 \u03c3\u03c4\u03bf\u03bd \u039a\u03a5\u039a\u039b\u039f\u03a3 Travel \u03b4\u03b5 \u03c3\u03c4\u03b1\u03bc\u03b1\u03c4\u03bf\u03cd\u03bd \u03c0\u03bf\u03c4\u03ad!","og_url":"https:\/\/kyklostravel.gr\/condiciones-de-uso\/","og_site_name":"Kyklos Travel","article_publisher":"https:\/\/www.facebook.com\/kyklostravel?fref=ts","og_image":[{"width":280,"height":119,"url":"https:\/\/kyklostravel.gr\/wp-content\/uploads\/2023\/07\/Kyklos-logo-2021-GR-1.png","type":"image\/png"}],"twitter_card":"summary_large_image","twitter_misc":{"Tiempo de lectura":"2 minutos"},"schema":{"@context":"https:\/\/schema.org","@graph":[{"@type":"WebPage","@id":"https:\/\/kyklostravel.gr\/condiciones-de-uso\/","url":"https:\/\/kyklostravel.gr\/condiciones-de-uso\/","name":"Condiciones de uso - Kyklos Travel","isPartOf":{"@id":"https:\/\/kyklostravel.gr\/es\/#website"},"datePublished":"2024-01-24T16:19:41+00:00","dateModified":"2024-01-24T16:19:41+00:00","description":"30 \u03c7\u03c1\u03cc\u03bd\u03b9\u03b1 \u03b5\u03bc\u03c0\u03b5\u03b9\u03c1\u03af\u03b1\u03c2 \u03ba\u03b1\u03b9 \u03b5\u03be\u03b5\u03b9\u03b4\u03af\u03ba\u03b5\u03c5\u03c3\u03b7\u03c2 \u03c3\u03c4\u03b1 \u03c4\u03b1\u03be\u03af\u03b4\u03b9\u03b1 \u03c3\u03c4\u03b7\u03bd \u0399\u03b2\u03b7\u03c1\u03b9\u03ba\u03ae. \u03a4\u03b1 \u03c4\u03b1\u03be\u03af\u03b4\u03b9\u03b1 \u03c3\u03c4\u03bf\u03bd \u039a\u03a5\u039a\u039b\u039f\u03a3 Travel \u03b4\u03b5 \u03c3\u03c4\u03b1\u03bc\u03b1\u03c4\u03bf\u03cd\u03bd \u03c0\u03bf\u03c4\u03ad!","breadcrumb":{"@id":"https:\/\/kyklostravel.gr\/condiciones-de-uso\/#breadcrumb"},"inLanguage":"es","potentialAction":[{"@type":"ReadAction","target":["https:\/\/kyklostravel.gr\/condiciones-de-uso\/"]}]},{"@type":"BreadcrumbList","@id":"https:\/\/kyklostravel.gr\/condiciones-de-uso\/#breadcrumb","itemListElement":[{"@type":"ListItem","position":1,"name":"Home","item":"https:\/\/kyklostravel.gr\/es\/"},{"@type":"ListItem","position":2,"name":"Condiciones de uso"}]},{"@type":"WebSite","@id":"https:\/\/kyklostravel.gr\/es\/#website","url":"https:\/\/kyklostravel.gr\/es\/","name":"Kyklos Travel","description":"\u03a4\u03b1\u03be\u03af\u03b4\u03b9\u03b1 \u03c3\u03c4\u03b7\u03bd \u0399\u03c3\u03c0\u03b1\u03bd\u03af\u03b1 \u03ba\u03b1\u03b9 \u03c4\u03b7\u03bd \u03a0\u03bf\u03c1\u03c4\u03bf\u03b3\u03b1\u03bb\u03af\u03b1","publisher":{"@id":"https:\/\/kyklostravel.gr\/es\/#organization"},"potentialAction":[{"@type":"SearchAction","target":{"@type":"EntryPoint","urlTemplate":"https:\/\/kyklostravel.gr\/es\/?s={search_term_string}"},"query-input":"required name=search_term_string"}],"inLanguage":"es"},{"@type":"Organization","@id":"https:\/\/kyklostravel.gr\/es\/#organization","name":"Kyklos Travel","url":"https:\/\/kyklostravel.gr\/es\/","logo":{"@type":"ImageObject","inLanguage":"es","@id":"https:\/\/kyklostravel.gr\/es\/#\/schema\/logo\/image\/","url":"https:\/\/kyklostravel.gr\/wp-content\/uploads\/2023\/07\/Kyklos-logo-2021-GR-1.png","contentUrl":"https:\/\/kyklostravel.gr\/wp-content\/uploads\/2023\/07\/Kyklos-logo-2021-GR-1.png","width":280,"height":119,"caption":"Kyklos Travel"},"image":{"@id":"https:\/\/kyklostravel.gr\/es\/#\/schema\/logo\/image\/"},"sameAs":["https:\/\/www.facebook.com\/kyklostravel?fref=ts","https:\/\/www.instagram.com\/kyklostravel\/"]}]}},"_links":{"self":[{"href":"https:\/\/kyklostravel.gr\/es\/wp-json\/wp\/v2\/pages\/2639"}],"collection":[{"href":"https:\/\/kyklostravel.gr\/es\/wp-json\/wp\/v2\/pages"}],"about":[{"href":"https:\/\/kyklostravel.gr\/es\/wp-json\/wp\/v2\/types\/page"}],"author":[{"embeddable":true,"href":"https:\/\/kyklostravel.gr\/es\/wp-json\/wp\/v2\/users\/1"}],"replies":[{"embeddable":true,"href":"https:\/\/kyklostravel.gr\/es\/wp-json\/wp\/v2\/comments?post=2639"}],"version-history":[{"count":0,"href":"https:\/\/kyklostravel.gr\/es\/wp-json\/wp\/v2\/pages\/2639\/revisions"}],"wp:attachment":[{"href":"https:\/\/kyklostravel.gr\/es\/wp-json\/wp\/v2\/media?parent=2639"}],"curies":[{"name":"wp","href":"https:\/\/api.w.org\/{rel}","templated":true}]}}