{"id":2643,"date":"2024-01-24T19:17:59","date_gmt":"2024-01-24T16:17:59","guid":{"rendered":"https:\/\/kyklostravel.gr\/politica-de-privacidad\/"},"modified":"2024-06-07T12:04:53","modified_gmt":"2024-06-07T09:04:53","slug":"politica-de-privacidad","status":"publish","type":"page","link":"https:\/\/kyklostravel.gr\/es\/politica-de-privacidad\/","title":{"rendered":"Pol\u00edtica de privacidad"},"content":{"rendered":"<section class=\"wpb-content-wrapper\"><p>[vc_row][vc_column][vc_column_text]<span style=\"font-size: 18pt;\"><strong>Pol\u00edtica de privacidad<\/strong><\/span>[\/vc_column_text][vc_column_text]<strong>La Pol\u00edtica de Privacidad de <a href=\"http:\/\/www.kyklostravel.gr\/\" target=\"_new\" rel=\"noopener\">www.kyklostravel.gr<\/a> es un pilar fundamental para la protecci\u00f3n y el respeto de los datos personales de los usuarios. El objetivo de la pol\u00edtica es proporcionar directrices claras sobre c\u00f3mo se recopilan, procesan y utilizan los datos personales.<\/strong><\/p>\n<p><strong>Durante tu visita al sitio web  <a href=\"http:\/\/www.kyklostravel.gr\/\" target=\"_new\" rel=\"noopener\">www.kyklostravel.gr<\/a>existe la posibilidad de que se recojan datos. Cuando rellenas formularios para reservas o solicitudes, est\u00e1s proporcionando datos personales como tu nombre completo, direcci\u00f3n de correo electr\u00f3nico, etc. Estos datos se recogen para prestar los servicios que ofrece el sitio web, como procesar las reservas y responder a otras solicitudes.<\/strong><\/p>\n<p><strong>La seguridad de los datos personales es una prioridad para CYCLOS Travel, y se toman medidas de precauci\u00f3n para protegerlos tanto durante como despu\u00e9s de la conexi\u00f3n del usuario. S\u00f3lo las personas autorizadas de la empresa tienen acceso a los datos personales, y la informaci\u00f3n comunicada a trav\u00e9s de los formularios de reserva est\u00e1 sujeta a encriptaci\u00f3n SSL.<\/strong><\/p>\n<p><strong>El uso de cookies por parte de CYCLOS Travel busca optimizar la experiencia de navegaci\u00f3n de los usuarios. Las cookies almacenan informaci\u00f3n sobre el usuario y se utilizan por razones t\u00e9cnicas.<\/strong><\/p>\n<p><strong>En cuanto a los derechos de los usuarios en relaci\u00f3n con sus datos personales, tienen derecho a solicitar informaci\u00f3n, exigir rectificaciones, actualizaciones o la supresi\u00f3n de sus datos. Tambi\u00e9n tienen derecho a exigir el cese del tratamiento de sus datos personales.<\/strong><\/p>\n<p><strong>KYCLOS Travel se compromete a estar permanentemente informado de cualquier cambio en la pol\u00edtica de privacidad y protecci\u00f3n de datos personales con el fin de garantizar el cumplimiento de los m\u00e1s altos est\u00e1ndares de seguridad y protecci\u00f3n de los usuarios.<\/strong><\/p>\n<p><strong>Para cualquier pregunta o duda sobre la pol\u00edtica de privacidad, los usuarios pueden ponerse en contacto con la empresa en <a target=\"_new\" rel=\"noopener\">circle@otenet.gr<\/a> o en: KYKLOS TRAVEL, 23 Nikis 23, 105 57, Atenas, Grecia.<\/strong>[\/vc_column_text][\/vc_column][\/vc_row]<\/p>\n<\/section>","protected":false},"excerpt":{"rendered":"<p>[vc_row][vc_column][vc_column_text]Pol\u00edtica de privacidad[\/vc_column_text][vc_column_text]La Pol\u00edtica de Privacidad de www.kyklostravel.gr es un pilar fundamental para la protecci\u00f3n y el respeto de los datos personales de los usuarios. El objetivo de la pol\u00edtica es proporcionar directrices claras sobre c\u00f3mo se recopilan, procesan y utilizan los datos personales. Durante tu visita al sitio web www.kyklostravel.grexiste la posibilidad de que&hellip;<\/p>\n","protected":false},"author":1,"featured_media":0,"parent":0,"menu_order":0,"comment_status":"closed","ping_status":"closed","template":"","meta":{"inline_featured_image":false,"footnotes":""},"yoast_head":"<!-- This site is optimized with the Yoast SEO plugin v22.7 - https:\/\/yoast.com\/wordpress\/plugins\/seo\/ -->\n<title>Pol\u00edtica de privacidad - Kyklos Travel<\/title>\n<meta name=\"description\" content=\"30 \u03c7\u03c1\u03cc\u03bd\u03b9\u03b1 \u03b5\u03bc\u03c0\u03b5\u03b9\u03c1\u03af\u03b1\u03c2 \u03ba\u03b1\u03b9 \u03b5\u03be\u03b5\u03b9\u03b4\u03af\u03ba\u03b5\u03c5\u03c3\u03b7\u03c2 \u03c3\u03c4\u03b1 \u03c4\u03b1\u03be\u03af\u03b4\u03b9\u03b1 \u03c3\u03c4\u03b7\u03bd \u0399\u03b2\u03b7\u03c1\u03b9\u03ba\u03ae. \u03a4\u03b1 \u03c4\u03b1\u03be\u03af\u03b4\u03b9\u03b1 \u03c3\u03c4\u03bf\u03bd \u039a\u03a5\u039a\u039b\u039f\u03a3 Travel \u03b4\u03b5 \u03c3\u03c4\u03b1\u03bc\u03b1\u03c4\u03bf\u03cd\u03bd \u03c0\u03bf\u03c4\u03ad!\" \/>\n<meta name=\"robots\" content=\"index, follow, max-snippet:-1, max-image-preview:large, max-video-preview:-1\" \/>\n<link rel=\"canonical\" href=\"https:\/\/kyklostravel.gr\/es\/politica-de-privacidad\/\" \/>\n<meta property=\"og:locale\" content=\"es_ES\" \/>\n<meta property=\"og:type\" content=\"article\" \/>\n<meta property=\"og:title\" content=\"Pol\u00edtica de privacidad - Kyklos Travel\" \/>\n<meta property=\"og:description\" content=\"30 \u03c7\u03c1\u03cc\u03bd\u03b9\u03b1 \u03b5\u03bc\u03c0\u03b5\u03b9\u03c1\u03af\u03b1\u03c2 \u03ba\u03b1\u03b9 \u03b5\u03be\u03b5\u03b9\u03b4\u03af\u03ba\u03b5\u03c5\u03c3\u03b7\u03c2 \u03c3\u03c4\u03b1 \u03c4\u03b1\u03be\u03af\u03b4\u03b9\u03b1 \u03c3\u03c4\u03b7\u03bd \u0399\u03b2\u03b7\u03c1\u03b9\u03ba\u03ae. \u03a4\u03b1 \u03c4\u03b1\u03be\u03af\u03b4\u03b9\u03b1 \u03c3\u03c4\u03bf\u03bd \u039a\u03a5\u039a\u039b\u039f\u03a3 Travel \u03b4\u03b5 \u03c3\u03c4\u03b1\u03bc\u03b1\u03c4\u03bf\u03cd\u03bd \u03c0\u03bf\u03c4\u03ad!\" \/>\n<meta property=\"og:url\" content=\"https:\/\/kyklostravel.gr\/es\/politica-de-privacidad\/\" \/>\n<meta property=\"og:site_name\" content=\"Kyklos Travel\" \/>\n<meta property=\"article:publisher\" content=\"https:\/\/www.facebook.com\/kyklostravel?fref=ts\" \/>\n<meta property=\"article:modified_time\" content=\"2024-06-07T09:04:53+00:00\" \/>\n<meta property=\"og:image\" content=\"https:\/\/kyklostravel.gr\/wp-content\/uploads\/2023\/07\/Kyklos-logo-2021-GR-1.png\" \/>\n\t<meta property=\"og:image:width\" content=\"280\" \/>\n\t<meta property=\"og:image:height\" content=\"119\" \/>\n\t<meta property=\"og:image:type\" content=\"image\/png\" \/>\n<meta name=\"twitter:card\" content=\"summary_large_image\" \/>\n<meta name=\"twitter:label1\" content=\"Tiempo de lectura\" \/>\n\t<meta name=\"twitter:data1\" content=\"2 minutos\" \/>\n<script type=\"application\/ld+json\" class=\"yoast-schema-graph\">{\"@context\":\"https:\/\/schema.org\",\"@graph\":[{\"@type\":\"WebPage\",\"@id\":\"https:\/\/kyklostravel.gr\/es\/politica-de-privacidad\/\",\"url\":\"https:\/\/kyklostravel.gr\/es\/politica-de-privacidad\/\",\"name\":\"Pol\u00edtica de privacidad - Kyklos Travel\",\"isPartOf\":{\"@id\":\"https:\/\/kyklostravel.gr\/es\/#website\"},\"datePublished\":\"2024-01-24T16:17:59+00:00\",\"dateModified\":\"2024-06-07T09:04:53+00:00\",\"description\":\"30 \u03c7\u03c1\u03cc\u03bd\u03b9\u03b1 \u03b5\u03bc\u03c0\u03b5\u03b9\u03c1\u03af\u03b1\u03c2 \u03ba\u03b1\u03b9 \u03b5\u03be\u03b5\u03b9\u03b4\u03af\u03ba\u03b5\u03c5\u03c3\u03b7\u03c2 \u03c3\u03c4\u03b1 \u03c4\u03b1\u03be\u03af\u03b4\u03b9\u03b1 \u03c3\u03c4\u03b7\u03bd \u0399\u03b2\u03b7\u03c1\u03b9\u03ba\u03ae. \u03a4\u03b1 \u03c4\u03b1\u03be\u03af\u03b4\u03b9\u03b1 \u03c3\u03c4\u03bf\u03bd \u039a\u03a5\u039a\u039b\u039f\u03a3 Travel \u03b4\u03b5 \u03c3\u03c4\u03b1\u03bc\u03b1\u03c4\u03bf\u03cd\u03bd \u03c0\u03bf\u03c4\u03ad!\",\"breadcrumb\":{\"@id\":\"https:\/\/kyklostravel.gr\/es\/politica-de-privacidad\/#breadcrumb\"},\"inLanguage\":\"es\",\"potentialAction\":[{\"@type\":\"ReadAction\",\"target\":[\"https:\/\/kyklostravel.gr\/es\/politica-de-privacidad\/\"]}]},{\"@type\":\"BreadcrumbList\",\"@id\":\"https:\/\/kyklostravel.gr\/es\/politica-de-privacidad\/#breadcrumb\",\"itemListElement\":[{\"@type\":\"ListItem\",\"position\":1,\"name\":\"Home\",\"item\":\"https:\/\/kyklostravel.gr\/es\/\"},{\"@type\":\"ListItem\",\"position\":2,\"name\":\"Pol\u00edtica de privacidad\"}]},{\"@type\":\"WebSite\",\"@id\":\"https:\/\/kyklostravel.gr\/es\/#website\",\"url\":\"https:\/\/kyklostravel.gr\/es\/\",\"name\":\"Kyklos Travel\",\"description\":\"\u03a4\u03b1\u03be\u03af\u03b4\u03b9\u03b1 \u03c3\u03c4\u03b7\u03bd \u0399\u03c3\u03c0\u03b1\u03bd\u03af\u03b1 \u03ba\u03b1\u03b9 \u03c4\u03b7\u03bd \u03a0\u03bf\u03c1\u03c4\u03bf\u03b3\u03b1\u03bb\u03af\u03b1\",\"publisher\":{\"@id\":\"https:\/\/kyklostravel.gr\/es\/#organization\"},\"potentialAction\":[{\"@type\":\"SearchAction\",\"target\":{\"@type\":\"EntryPoint\",\"urlTemplate\":\"https:\/\/kyklostravel.gr\/es\/?s={search_term_string}\"},\"query-input\":\"required name=search_term_string\"}],\"inLanguage\":\"es\"},{\"@type\":\"Organization\",\"@id\":\"https:\/\/kyklostravel.gr\/es\/#organization\",\"name\":\"Kyklos Travel\",\"url\":\"https:\/\/kyklostravel.gr\/es\/\",\"logo\":{\"@type\":\"ImageObject\",\"inLanguage\":\"es\",\"@id\":\"https:\/\/kyklostravel.gr\/es\/#\/schema\/logo\/image\/\",\"url\":\"https:\/\/kyklostravel.gr\/wp-content\/uploads\/2023\/07\/Kyklos-logo-2021-GR-1.png\",\"contentUrl\":\"https:\/\/kyklostravel.gr\/wp-content\/uploads\/2023\/07\/Kyklos-logo-2021-GR-1.png\",\"width\":280,\"height\":119,\"caption\":\"Kyklos Travel\"},\"image\":{\"@id\":\"https:\/\/kyklostravel.gr\/es\/#\/schema\/logo\/image\/\"},\"sameAs\":[\"https:\/\/www.facebook.com\/kyklostravel?fref=ts\",\"https:\/\/www.instagram.com\/kyklostravel\/\"]}]}<\/script>\n<!-- \/ Yoast SEO plugin. -->","yoast_head_json":{"title":"Pol\u00edtica de privacidad - Kyklos Travel","description":"30 \u03c7\u03c1\u03cc\u03bd\u03b9\u03b1 \u03b5\u03bc\u03c0\u03b5\u03b9\u03c1\u03af\u03b1\u03c2 \u03ba\u03b1\u03b9 \u03b5\u03be\u03b5\u03b9\u03b4\u03af\u03ba\u03b5\u03c5\u03c3\u03b7\u03c2 \u03c3\u03c4\u03b1 \u03c4\u03b1\u03be\u03af\u03b4\u03b9\u03b1 \u03c3\u03c4\u03b7\u03bd \u0399\u03b2\u03b7\u03c1\u03b9\u03ba\u03ae. \u03a4\u03b1 \u03c4\u03b1\u03be\u03af\u03b4\u03b9\u03b1 \u03c3\u03c4\u03bf\u03bd \u039a\u03a5\u039a\u039b\u039f\u03a3 Travel \u03b4\u03b5 \u03c3\u03c4\u03b1\u03bc\u03b1\u03c4\u03bf\u03cd\u03bd \u03c0\u03bf\u03c4\u03ad!","robots":{"index":"index","follow":"follow","max-snippet":"max-snippet:-1","max-image-preview":"max-image-preview:large","max-video-preview":"max-video-preview:-1"},"canonical":"https:\/\/kyklostravel.gr\/es\/politica-de-privacidad\/","og_locale":"es_ES","og_type":"article","og_title":"Pol\u00edtica de privacidad - Kyklos Travel","og_description":"30 \u03c7\u03c1\u03cc\u03bd\u03b9\u03b1 \u03b5\u03bc\u03c0\u03b5\u03b9\u03c1\u03af\u03b1\u03c2 \u03ba\u03b1\u03b9 \u03b5\u03be\u03b5\u03b9\u03b4\u03af\u03ba\u03b5\u03c5\u03c3\u03b7\u03c2 \u03c3\u03c4\u03b1 \u03c4\u03b1\u03be\u03af\u03b4\u03b9\u03b1 \u03c3\u03c4\u03b7\u03bd \u0399\u03b2\u03b7\u03c1\u03b9\u03ba\u03ae. \u03a4\u03b1 \u03c4\u03b1\u03be\u03af\u03b4\u03b9\u03b1 \u03c3\u03c4\u03bf\u03bd \u039a\u03a5\u039a\u039b\u039f\u03a3 Travel \u03b4\u03b5 \u03c3\u03c4\u03b1\u03bc\u03b1\u03c4\u03bf\u03cd\u03bd \u03c0\u03bf\u03c4\u03ad!","og_url":"https:\/\/kyklostravel.gr\/es\/politica-de-privacidad\/","og_site_name":"Kyklos Travel","article_publisher":"https:\/\/www.facebook.com\/kyklostravel?fref=ts","article_modified_time":"2024-06-07T09:04:53+00:00","og_image":[{"width":280,"height":119,"url":"https:\/\/kyklostravel.gr\/wp-content\/uploads\/2023\/07\/Kyklos-logo-2021-GR-1.png","type":"image\/png"}],"twitter_card":"summary_large_image","twitter_misc":{"Tiempo de lectura":"2 minutos"},"schema":{"@context":"https:\/\/schema.org","@graph":[{"@type":"WebPage","@id":"https:\/\/kyklostravel.gr\/es\/politica-de-privacidad\/","url":"https:\/\/kyklostravel.gr\/es\/politica-de-privacidad\/","name":"Pol\u00edtica de privacidad - Kyklos Travel","isPartOf":{"@id":"https:\/\/kyklostravel.gr\/es\/#website"},"datePublished":"2024-01-24T16:17:59+00:00","dateModified":"2024-06-07T09:04:53+00:00","description":"30 \u03c7\u03c1\u03cc\u03bd\u03b9\u03b1 \u03b5\u03bc\u03c0\u03b5\u03b9\u03c1\u03af\u03b1\u03c2 \u03ba\u03b1\u03b9 \u03b5\u03be\u03b5\u03b9\u03b4\u03af\u03ba\u03b5\u03c5\u03c3\u03b7\u03c2 \u03c3\u03c4\u03b1 \u03c4\u03b1\u03be\u03af\u03b4\u03b9\u03b1 \u03c3\u03c4\u03b7\u03bd \u0399\u03b2\u03b7\u03c1\u03b9\u03ba\u03ae. \u03a4\u03b1 \u03c4\u03b1\u03be\u03af\u03b4\u03b9\u03b1 \u03c3\u03c4\u03bf\u03bd \u039a\u03a5\u039a\u039b\u039f\u03a3 Travel \u03b4\u03b5 \u03c3\u03c4\u03b1\u03bc\u03b1\u03c4\u03bf\u03cd\u03bd \u03c0\u03bf\u03c4\u03ad!","breadcrumb":{"@id":"https:\/\/kyklostravel.gr\/es\/politica-de-privacidad\/#breadcrumb"},"inLanguage":"es","potentialAction":[{"@type":"ReadAction","target":["https:\/\/kyklostravel.gr\/es\/politica-de-privacidad\/"]}]},{"@type":"BreadcrumbList","@id":"https:\/\/kyklostravel.gr\/es\/politica-de-privacidad\/#breadcrumb","itemListElement":[{"@type":"ListItem","position":1,"name":"Home","item":"https:\/\/kyklostravel.gr\/es\/"},{"@type":"ListItem","position":2,"name":"Pol\u00edtica de privacidad"}]},{"@type":"WebSite","@id":"https:\/\/kyklostravel.gr\/es\/#website","url":"https:\/\/kyklostravel.gr\/es\/","name":"Kyklos Travel","description":"\u03a4\u03b1\u03be\u03af\u03b4\u03b9\u03b1 \u03c3\u03c4\u03b7\u03bd \u0399\u03c3\u03c0\u03b1\u03bd\u03af\u03b1 \u03ba\u03b1\u03b9 \u03c4\u03b7\u03bd \u03a0\u03bf\u03c1\u03c4\u03bf\u03b3\u03b1\u03bb\u03af\u03b1","publisher":{"@id":"https:\/\/kyklostravel.gr\/es\/#organization"},"potentialAction":[{"@type":"SearchAction","target":{"@type":"EntryPoint","urlTemplate":"https:\/\/kyklostravel.gr\/es\/?s={search_term_string}"},"query-input":"required name=search_term_string"}],"inLanguage":"es"},{"@type":"Organization","@id":"https:\/\/kyklostravel.gr\/es\/#organization","name":"Kyklos Travel","url":"https:\/\/kyklostravel.gr\/es\/","logo":{"@type":"ImageObject","inLanguage":"es","@id":"https:\/\/kyklostravel.gr\/es\/#\/schema\/logo\/image\/","url":"https:\/\/kyklostravel.gr\/wp-content\/uploads\/2023\/07\/Kyklos-logo-2021-GR-1.png","contentUrl":"https:\/\/kyklostravel.gr\/wp-content\/uploads\/2023\/07\/Kyklos-logo-2021-GR-1.png","width":280,"height":119,"caption":"Kyklos Travel"},"image":{"@id":"https:\/\/kyklostravel.gr\/es\/#\/schema\/logo\/image\/"},"sameAs":["https:\/\/www.facebook.com\/kyklostravel?fref=ts","https:\/\/www.instagram.com\/kyklostravel\/"]}]}},"_links":{"self":[{"href":"https:\/\/kyklostravel.gr\/es\/wp-json\/wp\/v2\/pages\/2643"}],"collection":[{"href":"https:\/\/kyklostravel.gr\/es\/wp-json\/wp\/v2\/pages"}],"about":[{"href":"https:\/\/kyklostravel.gr\/es\/wp-json\/wp\/v2\/types\/page"}],"author":[{"embeddable":true,"href":"https:\/\/kyklostravel.gr\/es\/wp-json\/wp\/v2\/users\/1"}],"replies":[{"embeddable":true,"href":"https:\/\/kyklostravel.gr\/es\/wp-json\/wp\/v2\/comments?post=2643"}],"version-history":[{"count":2,"href":"https:\/\/kyklostravel.gr\/es\/wp-json\/wp\/v2\/pages\/2643\/revisions"}],"predecessor-version":[{"id":2645,"href":"https:\/\/kyklostravel.gr\/es\/wp-json\/wp\/v2\/pages\/2643\/revisions\/2645"}],"wp:attachment":[{"href":"https:\/\/kyklostravel.gr\/es\/wp-json\/wp\/v2\/media?parent=2643"}],"curies":[{"name":"wp","href":"https:\/\/api.w.org\/{rel}","templated":true}]}}