{"id":2648,"date":"2023-11-21T15:07:23","date_gmt":"2023-11-21T12:07:23","guid":{"rendered":"https:\/\/kyklostravel.gr\/portugal\/"},"modified":"2024-06-07T12:05:21","modified_gmt":"2024-06-07T09:05:21","slug":"portugal","status":"publish","type":"page","link":"https:\/\/kyklostravel.gr\/es\/portugal\/","title":{"rendered":"Portugal"},"content":{"rendered":"<section class=\"wpb-content-wrapper\"><p>[vc_row][vc_column][vc_empty_space height=&#8221;120px&#8221;][\/vc_column][\/vc_row][vc_row][vc_column width=&#8221;1\/6&#8243;][vc_single_image image=&#8221;1503&#8243; img_size=&#8221;full&#8221;][\/vc_column][vc_column width=&#8221;5\/6&#8243;][vc_column_text]All\u00ed, en el borde de Europa, en el extremo occidental de Iberia, la cultura portuguesa sigui\u00f3 la voz de la historia. El vasto oc\u00e9ano siempre ha evocado un encanto, una atracci\u00f3n. Las grandes aventuras mar\u00edtimas de los siglos XV y XVI trajeron a Portugal y a Europa una nueva era de riqueza, desarrollo y florecimiento de las artes y las letras.[\/vc_column_text][\/vc_column][\/vc_row][vc_row][vc_column]<div id=\"ultimate-heading-988269e7640e75504\" class=\"uvc-heading ult-adjust-bottom-margin ultimate-heading-988269e7640e75504 uvc-1554  uvc-heading-default-font-sizes\" data-hspacer=\"no_spacer\"  data-halign=\"center\" style=\"text-align:center\"><div class=\"uvc-heading-spacer no_spacer\" style=\"top\"><\/div><div class=\"uvc-main-heading ult-responsive\"  data-ultimate-target='.uvc-heading.ultimate-heading-988269e7640e75504 h2'  data-responsive-json-new='{\"font-size\":\"\",\"line-height\":\"\"}' ><h2 style=\"--font-weight:theme;\">Paquetes de viaje<\/h2><\/div><\/div>[vc_empty_space height=&#8221;80px&#8221;][\/vc_column][\/vc_row][vc_row][vc_column width=&#8221;1\/2&#8243;][vc_raw_html]PGRpdiBjbGFzcz0iYmxvY2tpbWciPgo8aW1nIHNyYz0iL3dwLWNvbnRlbnQvdXBsb2Fkcy8yMDIzLzExL2xpc2JvbjIuanBnIiBhbHQ9IlBvcnR1Z2FsIiBzdHlsZT0id2lkdGg6MTAwJTsiPgo8YSBocmVmPSJodHRwczovL2t5a2xvc3RyYXZlbC5nci9saXNzYXZvbmEvIj48ZGl2IGNsYXNzPSJob3ZpY29uIGVmZmVjdC00IHN1Yi1iIj5MSVNTQVdOQTwvZGl2PjwvYT4KICAgIDwvZGl2Pg==[\/vc_raw_html][\/vc_column][vc_column width=&#8221;1\/2&#8243;][vc_raw_html]PGRpdiBjbGFzcz0iYmxvY2tpbWciPgo8aW1nIHNyYz0iL3dwLWNvbnRlbnQvdXBsb2Fkcy8yMDIzLzExL3BvcnR1Z2FsLmpwZyIgYWx0PSJQdWVydG8iIHN0eWxlPSJ3aWR0aDoxMDAlOyI+IDxhIGhyZWY9Imh0dHBzOi8va3lrbG9zdHJhdmVsLmdyL3RyaXAvJWNmJTgwJWNlJWIxJWNlJWJkJWNmJThjJWNmJTgxJWNlJWIxJWNlJWJjJWNlJWIxLSVjZiU4MCVjZSViZiVjZiU4MSVjZiU4NCVjZSViZiVjZSViMyVjZSViMSVjZSViYiVjZSVhZiVjZSViMSVjZiU4Mi8iPjxkaXYgY2xhc3M9Imhvdmljb24gZWZmZWN0LTQgc3ViLWIiPlBBTk9SQU1BIERFIFBPUlRVR0FMPC9kaXY+PC9hPgogICAgPC9kaXY+[\/vc_raw_html][\/vc_column][\/vc_row][vc_row][vc_column][vc_empty_space height=&#8221;15px&#8221;]<div id=\"ultimate-heading-613169e7640e755a9\" class=\"uvc-heading ult-adjust-bottom-margin ultimate-heading-613169e7640e755a9 uvc-6865  uvc-heading-default-font-sizes\" data-hspacer=\"no_spacer\"  data-halign=\"center\" style=\"text-align:center\"><div class=\"uvc-heading-spacer no_spacer\" style=\"top\"><\/div><div class=\"uvc-main-heading ult-responsive\"  data-ultimate-target='.uvc-heading.ultimate-heading-613169e7640e755a9 h2'  data-responsive-json-new='{\"font-size\":\"\",\"line-height\":\"\"}' ><h2 style=\"--font-weight:theme;color:#0a0a0a;\">Consejos de iniciados<\/h2><\/div><\/div>[vc_empty_space height=&#8221;15px&#8221;][\/vc_column][\/vc_row][vc_row full_height=&#8221;yes&#8221; equal_height=&#8221;yes&#8221; bg_type=&#8221;image&#8221; bg_override=&#8221;full&#8221; css=&#8221;.vc_custom_1700125444356{background-image: url(https:\/\/kyklostravel.gr\/wp-content\/uploads\/2023\/11\/barcelona-bg.jpg?id=1630) !important;}&#8221;][vc_column][\/vc_column][vc_column width=&#8221;1\/3&#8243; css=&#8221;.vc_custom_1688721726955{margin-top: 30px !important;margin-bottom: 30px !important;padding-top: 25px !important;padding-right: 25px !important;padding-bottom: 25px !important;padding-left: 25px !important;}&#8221;][vc_hoverbox image=&#8221;1717&#8243; primary_title=&#8221;&#8221; hover_title=&#8221;Alimentaci\u00f3n&#8221; el_class=&#8221;hoverImgTp&#8221;]Este tentador viaje por el rico paisaje culinario de Portugal se adentra en el coraz\u00f3n de la cocina portuguesa, donde las recetas centenarias, los ingredientes locales frescos y la pasi\u00f3n por el sabor convergen para crear una experiencia gastron\u00f3mica inolvidable.[\/vc_hoverbox][\/vc_column][vc_column width=&#8221;1\/3&#8243; css=&#8221;.vc_custom_1688721731592{margin-top: 30px !important;margin-bottom: 30px !important;padding-top: 25px !important;padding-right: 25px !important;padding-bottom: 25px !important;padding-left: 25px !important;}&#8221;][vc_hoverbox image=&#8221;1868&#8243; primary_title=&#8221;&#8221; hover_title=&#8221;Cultura&#8221;]En Portugal, el arte y la tradici\u00f3n convergen para pintar un v\u00edvido mosaico de esta encantadora naci\u00f3n. Desde las seductoras melod\u00edas de fado que resuenan en antiguas callejuelas hasta las maravillas arquitect\u00f3nicas que dan testimonio del rico pasado de Portugal, este viaje revela los fascinantes aspectos que definen la cultura portuguesa.[\/vc_hoverbox][\/vc_column][vc_column width=&#8221;1\/3&#8243; css=&#8221;.vc_custom_1688721736389{margin-top: 30px !important;margin-bottom: 30px !important;padding-top: 25px !important;padding-right: 25px !important;padding-bottom: 25px !important;padding-left: 25px !important;}&#8221;][vc_hoverbox image=&#8221;1721&#8243; primary_title=&#8221;&#8221; hover_title=&#8221;TRADICIONES&#8221;]\u00a1Viaja con nosotros en un recorrido por el patrimonio vivo de Portugal! Explora las vibrantes costumbres, fiestas y rituales portugueses que conforman su identidad cultural. Disfruta de las animadas celebraciones que llenan las antiguas calles. Aprende sobre el antiguo oficio que se ha transmitido de generaci\u00f3n en generaci\u00f3n.[\/vc_hoverbox][\/vc_column][\/vc_row][vc_row][vc_column][vc_raw_js]JTNDc2NyaXB0JTNFJTBBJTI4ZnVuY3Rpb24lMjglMjklMjAlN0IlMEElMEElMDlmdW5jdGlvbiUyMGluaXQlMjhpdGVtJTI5JTIwJTdCJTBBJTA5JTA5dmFyJTIwaXRlbXMlMjAlM0QlMjBpdGVtLnF1ZXJ5U2VsZWN0b3JBbGwlMjglMjdsaSUyNyUyOSUyQyUwQSUyMCUyMCUyMCUyMCUyMCUyMCUyMCUyMGN1cnJlbnQlMjAlM0QlMjAwJTJDJTBBJTIwJTIwJTIwJTIwJTIwJTIwJTIwJTIwYXV0b1VwZGF0ZSUyMCUzRCUyMHRydWUlMkMlMEElMjAlMjAlMjAlMjAlMjAlMjAlMjAlMjB0aW1lVHJhbnMlMjAlM0QlMjA0MDAwJTNCJTBBJTIwJTIwJTIwJTIwJTIwJTIwJTIwJTIwJTBBJTA5JTA5JTJGJTJGY3JlYXRlJTIwbmF2JTBBJTA5JTA5dmFyJTIwbmF2JTIwJTNEJTIwZG9jdW1lbnQuY3JlYXRlRWxlbWVudCUyOCUyN25hdiUyNyUyOSUzQiUwQSUwOSUwOW5hdi5jbGFzc05hbWUlMjAlM0QlMjAlMjduYXZfYXJyb3dzJTI3JTNCJTBBJTBBJTA5JTA5JTJGJTJGY3JlYXRlJTIwYnV0dG9uJTIwcHJldiUwQSUwOSUwOXZhciUyMHByZXZidG4lMjAlM0QlMjBkb2N1bWVudC5jcmVhdGVFbGVtZW50JTI4JTI3YnV0dG9uJTI3JTI5JTNCJTBBJTA5JTA5cHJldmJ0bi5jbGFzc05hbWUlMjAlM0QlMjAlMjdwcmV2JTI3JTNCJTBBJTA5JTA5cHJldmJ0bi5zZXRBdHRyaWJ1dGUlMjglMjdhcmlhLWxhYmVsJTI3JTJDJTIwJTI3UHJldiUyNyUyOSUzQiUwQSUwQSUwOSUwOSUyRiUyRmNyZWF0ZSUyMGJ1dHRvbiUyMG5leHQlMEElMDklMDl2YXIlMjBuZXh0YnRuJTIwJTNEJTIwZG9jdW1lbnQuY3JlYXRlRWxlbWVudCUyOCUyN2J1dHRvbiUyNyUyOSUzQiUwQSUwOSUwOW5leHRidG4uY2xhc3NOYW1lJTIwJTNEJTIwJTI3bmV4dCUyNyUzQiUwQSUwOSUwOW5leHRidG4uc2V0QXR0cmlidXRlJTI4JTI3YXJpYS1sYWJlbCUyNyUyQyUyMCUyN05leHQlMjclMjklM0IlMEElMEElMDklMDklMkYlMkZjcmVhdGUlMjBjb3VudGVyJTBBJTA5JTA5dmFyJTIwY291bnRlciUyMCUzRCUyMGRvY3VtZW50LmNyZWF0ZUVsZW1lbnQlMjglMjdkaXYlMjclMjklM0IlMEElMDklMDljb3VudGVyLmNsYXNzTmFtZSUyMCUzRCUyMCUyN2NvdW50ZXIlMjclM0IlMEElMDklMDljb3VudGVyLmlubmVySFRNTCUyMCUzRCUyMCUyMiUzQ3NwYW4lM0UxJTNDJTJGc3BhbiUzRSUzQ3NwYW4lM0UlMjIlMkJpdGVtcy5sZW5ndGglMkIlMjIlM0MlMkZzcGFuJTNFJTIyJTNCJTBBJTBBJTA5JTA5aWYlMjAlMjhpdGVtcy5sZW5ndGglMjAlM0UlMjAxJTI5JTIwJTdCJTBBJTA5JTA5JTA5bmF2LmFwcGVuZENoaWxkJTI4cHJldmJ0biUyOSUzQiUwQSUwOSUwOSUwOW5hdi5hcHBlbmRDaGlsZCUyOGNvdW50ZXIlMjklM0IlMEElMDklMDklMDluYXYuYXBwZW5kQ2hpbGQlMjhuZXh0YnRuJTI5JTNCJTBBJTA5JTA5JTA5aXRlbS5hcHBlbmRDaGlsZCUyOG5hdiUyOSUzQiUwQSUwOSUwOSU3RCUwQSUwQSUwOSUwOWl0ZW1zJTVCY3VycmVudCU1RC5jbGFzc05hbWUlMjAlM0QlMjAlMjJjdXJyZW50JTIyJTNCJTBBJTA5JTA5aWYlMjAlMjhpdGVtcy5sZW5ndGglMjAlM0UlMjAxJTI5JTIwaXRlbXMlNUJpdGVtcy5sZW5ndGgtMSU1RC5jbGFzc05hbWUlMjAlM0QlMjAlMjJwcmV2X3NsaWRlJTIyJTNCJTBBJTBBJTA5JTA5dmFyJTIwbmF2aWdhdGUlMjAlM0QlMjBmdW5jdGlvbiUyOGRpciUyOSUyMCU3QiUwQSUwOSUwOSUwOWl0ZW1zJTVCY3VycmVudCU1RC5jbGFzc05hbWUlMjAlM0QlMjAlMjIlMjIlM0IlMEElMEElMDklMDklMDlpZiUyMCUyOGRpciUyMCUzRCUzRCUzRCUyMCUyN3JpZ2h0JTI3JTI5JTIwJTdCJTBBJTA5JTA5JTA5JTA5Y3VycmVudCUyMCUzRCUyMGN1cnJlbnQlMjAlM0MlMjBpdGVtcy5sZW5ndGgtMSUyMCUzRiUyMGN1cnJlbnQlMjAlMkIlMjAxJTIwJTNBJTIwMCUzQiUwQSUwOSUwOSUwOSU3RCUyMGVsc2UlMjAlN0IlMEElMDklMDklMDklMDljdXJyZW50JTIwJTNEJTIwY3VycmVudCUyMCUzRSUyMDAlMjAlM0YlMjBjdXJyZW50JTIwLSUyMDElMjAlM0ElMjBpdGVtcy5sZW5ndGgtMSUzQiUwQSUwOSUwOSUwOSU3RCUwQSUwQSUwOSUwOSUwOXZhciUwOW5leHRDdXJyZW50JTIwJTNEJTIwY3VycmVudCUyMCUzQyUyMGl0ZW1zLmxlbmd0aC0xJTIwJTNGJTIwY3VycmVudCUyMCUyQiUyMDElMjAlM0ElMjAwJTJDJTBBJTA5JTA5JTA5JTA5cHJldkN1cnJlbnQlMjAlM0QlMjBjdXJyZW50JTIwJTNFJTIwMCUyMCUzRiUyMGN1cnJlbnQlMjAtJTIwMSUyMCUzQSUyMGl0ZW1zLmxlbmd0aC0xJTNCJTBBJTBBJTA5JTA5JTA5aXRlbXMlNUJjdXJyZW50JTVELmNsYXNzTmFtZSUyMCUzRCUyMCUyMmN1cnJlbnQlMjIlM0IlMEElMDklMDklMDlpdGVtcyU1QnByZXZDdXJyZW50JTVELmNsYXNzTmFtZSUyMCUzRCUyMCUyMnByZXZfc2xpZGUlMjIlM0IlMEElMDklMDklMDlpdGVtcyU1Qm5leHRDdXJyZW50JTVELmNsYXNzTmFtZSUyMCUzRCUyMCUyMiUyMiUzQiUwQSUwQSUwOSUwOSUwOSUyRiUyRnVwZGF0ZSUyMGNvdW50ZXIlMEElMDklMDklMDljb3VudGVyLmZpcnN0Q2hpbGQudGV4dENvbnRlbnQlMjAlM0QlMjBjdXJyZW50JTIwJTJCJTIwMSUzQiUwQSUwOSUwOSU3RCUwQSUyMCUyMCUyMCUyMCUwQSUyMCUyMCUyMCUyMGl0ZW0uYWRkRXZlbnRMaXN0ZW5lciUyOCUyN21vdXNlZW50ZXIlMjclMkMlMjBmdW5jdGlvbiUyOCUyOSUyMCU3QiUwQSUwOSUwOSUwOWF1dG9VcGRhdGUlMjAlM0QlMjBmYWxzZSUzQiUwQSUwOSUwOSU3RCUyOSUzQiUwQSUwQSUwOSUwOWl0ZW0uYWRkRXZlbnRMaXN0ZW5lciUyOCUyN21vdXNlbGVhdmUlMjclMkMlMjBmdW5jdGlvbiUyOCUyOSUyMCU3QiUwQSUwOSUwOSUwOWF1dG9VcGRhdGUlMjAlM0QlMjB0cnVlJTNCJTBBJTA5JTA5JTdEJTI5JTNCJTBBJTBBJTA5JTA5c2V0SW50ZXJ2YWwlMjhmdW5jdGlvbiUyOCUyOSUyMCU3QiUwQSUwOSUwOSUwOWlmJTIwJTI4YXV0b1VwZGF0ZSUyOSUyMG5hdmlnYXRlJTI4JTI3cmlnaHQlMjclMjklM0IlMEElMDklMDklN0QlMkN0aW1lVHJhbnMlMjklM0IlMEElMjAlMjAlMjAlMjAlMEElMDklMDlwcmV2YnRuLmFkZEV2ZW50TGlzdGVuZXIlMjglMjdjbGljayUyNyUyQyUyMGZ1bmN0aW9uJTI4JTI5JTIwJTdCJTBBJTA5JTA5JTA5bmF2aWdhdGUlMjglMjdsZWZ0JTI3JTI5JTNCJTBBJTA5JTA5JTdEJTI5JTNCJTBBJTBBJTA5JTA5bmV4dGJ0bi5hZGRFdmVudExpc3RlbmVyJTI4JTI3Y2xpY2slMjclMkMlMjBmdW5jdGlvbiUyOCUyOSUyMCU3QiUwQSUwOSUwOSUwOW5hdmlnYXRlJTI4JTI3cmlnaHQlMjclMjklM0IlMEElMDklMDklN0QlMjklM0IlMEElMEElMDklMDklMkYlMkZrZXlib2FyZCUyMG5hdmlnYXRpb24lMEElMDklMDlkb2N1bWVudC5hZGRFdmVudExpc3RlbmVyJTI4JTI3a2V5ZG93biUyNyUyQyUyMGZ1bmN0aW9uJTI4ZXYlMjklMjAlN0IlMEElMDklMDklMDl2YXIlMjBrZXlDb2RlJTIwJTNEJTIwZXYua2V5Q29kZSUyMCU3QyU3QyUyMGV2LndoaWNoJTNCJTBBJTA5JTA5JTA5c3dpdGNoJTIwJTI4a2V5Q29kZSUyOSUyMCU3QiUwQSUwOSUwOSUwOSUwOWNhc2UlMjAzNyUzQSUwQSUwOSUwOSUwOSUwOSUwOW5hdmlnYXRlJTI4JTI3bGVmdCUyNyUyOSUzQiUwQSUwOSUwOSUwOSUwOSUwOWJyZWFrJTNCJTBBJTA5JTA5JTA5JTA5Y2FzZSUyMDM5JTNBJTBBJTA5JTA5JTA5JTA5JTA5bmF2aWdhdGUlMjglMjdyaWdodCUyNyUyOSUzQiUwQSUwOSUwOSUwOSUwOSUwOWJyZWFrJTNCJTBBJTA5JTA5JTA5JTdEJTBBJTA5JTA5JTdEJTI5JTNCJTBBJTBBJTA5JTA5JTJGJTJGJTIwc3dpcGUlMjBuYXZpZ2F0aW9uJTBBJTA5JTA5JTJGJTJGJTIwZnJvbSUyMGh0dHAlM0ElMkYlMkZzdGFja292ZXJmbG93LmNvbSUyRmElMkYyMzIzMDI4MCUwQSUwOSUwOWl0ZW0uYWRkRXZlbnRMaXN0ZW5lciUyOCUyN3RvdWNoc3RhcnQlMjclMkMlMjBoYW5kbGVUb3VjaFN0YXJ0JTJDJTIwZmFsc2UlMjklM0IlMjAlMjAlMjAlMjAlMjAlMjAlMjAlMjAlMEElMDklMDlpdGVtLmFkZEV2ZW50TGlzdGVuZXIlMjglMjd0b3VjaG1vdmUlMjclMkMlMjBoYW5kbGVUb3VjaE1vdmUlMkMlMjBmYWxzZSUyOSUzQiUwQSUwOSUwOXZhciUyMHhEb3duJTIwJTNEJTIwbnVsbCUzQiUwQSUwOSUwOXZhciUyMHlEb3duJTIwJTNEJTIwbnVsbCUzQiUwQSUwOSUwOWZ1bmN0aW9uJTIwaGFuZGxlVG91Y2hTdGFydCUyOGV2dCUyOSUyMCU3QiUwQSUwOSUwOSUwOXhEb3duJTIwJTNEJTIwZXZ0LnRvdWNoZXMlNUIwJTVELmNsaWVudFglM0IlMEElMDklMDklMDl5RG93biUyMCUzRCUyMGV2dC50b3VjaGVzJTVCMCU1RC5jbGllbnRZJTNCJTBBJTA5JTA5JTdEJTNCJTBBJTA5JTA5ZnVuY3Rpb24lMjBoYW5kbGVUb3VjaE1vdmUlMjhldnQlMjklMjAlN0IlMEElMDklMDklMDlpZiUyMCUyOCUyMCUyMSUyMHhEb3duJTIwJTdDJTdDJTIwJTIxJTIweURvd24lMjAlMjklMjAlN0IlMEElMDklMDklMDklMDlyZXR1cm4lM0IlMEElMDklMDklMDklN0QlMEElMEElMDklMDklMDl2YXIlMjB4VXAlMjAlM0QlMjBldnQudG91Y2hlcyU1QjAlNUQuY2xpZW50WCUzQiUwQSUwOSUwOSUwOXZhciUyMHlVcCUyMCUzRCUyMGV2dC50b3VjaGVzJTVCMCU1RC5jbGllbnRZJTNCJTBBJTBBJTA5JTA5JTA5dmFyJTIweERpZmYlMjAlM0QlMjB4RG93biUyMC0lMjB4VXAlM0IlMEElMDklMDklMDl2YXIlMjB5RGlmZiUyMCUzRCUyMHlEb3duJTIwLSUyMHlVcCUzQiUwQSUwQSUwOSUwOSUwOWlmJTIwJTI4JTIwTWF0aC5hYnMlMjglMjB4RGlmZiUyMCUyOSUyMCUzRSUyME1hdGguYWJzJTI4JTIweURpZmYlMjAlMjklMjAlMjklMjAlN0IlMkYlMkFtb3N0JTIwc2lnbmlmaWNhbnQlMkElMkYlMEElMDklMDklMDklMDlpZiUyMCUyOCUyMHhEaWZmJTIwJTNFJTIwMCUyMCUyOSUyMCU3QiUwQSUwOSUwOSUwOSUwOSUwOSUyRiUyQSUyMGxlZnQlMjBzd2lwZSUyMCUyQSUyRiUwQSUwOSUwOSUwOSUwOSUwOW5hdmlnYXRlJTI4JTI3cmlnaHQlMjclMjklM0IlMEElMDklMDklMDklMDklN0QlMjBlbHNlJTIwJTdCJTBBJTA5JTA5JTA5JTA5JTA5bmF2aWdhdGUlMjglMjdsZWZ0JTI3JTI5JTNCJTBBJTA5JTA5JTA5JTA5JTdEJTBBJTA5JTA5JTA5JTdEJTIwJTBBJTA5JTA5JTA5JTJGJTJBJTIwcmVzZXQlMjB2YWx1ZXMlMjAlMkElMkYlMEElMDklMDklMDl4RG93biUyMCUzRCUyMG51bGwlM0IlMEElMDklMDklMDl5RG93biUyMCUzRCUyMG51bGwlM0IlMEElMDklMDklN0QlM0IlMEElMEElMEElMDklN0QlMEElMEElMDklNUIlNUQuc2xpY2UuY2FsbCUyOGRvY3VtZW50LnF1ZXJ5U2VsZWN0b3JBbGwlMjglMjcuY2Qtc2xpZGVyJTI3JTI5JTI5LmZvckVhY2glMjglMjBmdW5jdGlvbiUyOGl0ZW0lMjklMjAlN0IlMEElMDklMDlpbml0JTI4aXRlbSUyOSUzQiUwQSUwOSU3RCUyOSUzQiUwQSUwQSU3RCUyOSUyOCUyOSUzQiUwQSUwQSUzQyUyRnNjcmlwdCUzRQ==[\/vc_raw_js][\/vc_column][\/vc_row]<\/p>\n<\/section>","protected":false},"excerpt":{"rendered":"<p>[vc_row][vc_column][vc_empty_space height=&#8221;120px&#8221;][\/vc_column][\/vc_row][vc_row][vc_column width=&#8221;1\/6&#8243;][vc_single_image image=&#8221;1503&#8243; img_size=&#8221;full&#8221;][\/vc_column][vc_column width=&#8221;5\/6&#8243;][vc_column_text]All\u00ed, en el borde de Europa, en el extremo occidental de Iberia, la cultura portuguesa sigui\u00f3 la voz de la historia. El vasto oc\u00e9ano siempre ha evocado un encanto, una atracci\u00f3n. Las grandes aventuras mar\u00edtimas de los siglos XV y XVI trajeron a Portugal y a Europa una nueva era&hellip;<\/p>\n","protected":false},"author":1,"featured_media":0,"parent":0,"menu_order":5,"comment_status":"closed","ping_status":"closed","template":"","meta":{"inline_featured_image":false,"footnotes":""},"yoast_head":"<!-- This site is optimized with the Yoast SEO plugin v22.7 - https:\/\/yoast.com\/wordpress\/plugins\/seo\/ -->\n<title>Portugal - Kyklos Travel<\/title>\n<meta name=\"description\" content=\"30 \u03c7\u03c1\u03cc\u03bd\u03b9\u03b1 \u03b5\u03bc\u03c0\u03b5\u03b9\u03c1\u03af\u03b1\u03c2 \u03ba\u03b1\u03b9 \u03b5\u03be\u03b5\u03b9\u03b4\u03af\u03ba\u03b5\u03c5\u03c3\u03b7\u03c2 \u03c3\u03c4\u03b1 \u03c4\u03b1\u03be\u03af\u03b4\u03b9\u03b1 \u03c3\u03c4\u03b7\u03bd \u0399\u03b2\u03b7\u03c1\u03b9\u03ba\u03ae. \u03a4\u03b1 \u03c4\u03b1\u03be\u03af\u03b4\u03b9\u03b1 \u03c3\u03c4\u03bf\u03bd \u039a\u03a5\u039a\u039b\u039f\u03a3 Travel \u03b4\u03b5 \u03c3\u03c4\u03b1\u03bc\u03b1\u03c4\u03bf\u03cd\u03bd \u03c0\u03bf\u03c4\u03ad!\" \/>\n<meta name=\"robots\" content=\"index, follow, max-snippet:-1, max-image-preview:large, max-video-preview:-1\" \/>\n<link rel=\"canonical\" href=\"https:\/\/kyklostravel.gr\/es\/portugal\/\" \/>\n<meta property=\"og:locale\" content=\"es_ES\" \/>\n<meta property=\"og:type\" content=\"article\" \/>\n<meta property=\"og:title\" content=\"Portugal - Kyklos Travel\" \/>\n<meta property=\"og:description\" content=\"30 \u03c7\u03c1\u03cc\u03bd\u03b9\u03b1 \u03b5\u03bc\u03c0\u03b5\u03b9\u03c1\u03af\u03b1\u03c2 \u03ba\u03b1\u03b9 \u03b5\u03be\u03b5\u03b9\u03b4\u03af\u03ba\u03b5\u03c5\u03c3\u03b7\u03c2 \u03c3\u03c4\u03b1 \u03c4\u03b1\u03be\u03af\u03b4\u03b9\u03b1 \u03c3\u03c4\u03b7\u03bd \u0399\u03b2\u03b7\u03c1\u03b9\u03ba\u03ae. \u03a4\u03b1 \u03c4\u03b1\u03be\u03af\u03b4\u03b9\u03b1 \u03c3\u03c4\u03bf\u03bd \u039a\u03a5\u039a\u039b\u039f\u03a3 Travel \u03b4\u03b5 \u03c3\u03c4\u03b1\u03bc\u03b1\u03c4\u03bf\u03cd\u03bd \u03c0\u03bf\u03c4\u03ad!\" \/>\n<meta property=\"og:url\" content=\"https:\/\/kyklostravel.gr\/es\/portugal\/\" \/>\n<meta property=\"og:site_name\" content=\"Kyklos Travel\" \/>\n<meta property=\"article:publisher\" content=\"https:\/\/www.facebook.com\/kyklostravel?fref=ts\" \/>\n<meta property=\"article:modified_time\" content=\"2024-06-07T09:05:21+00:00\" \/>\n<meta property=\"og:image\" content=\"https:\/\/kyklostravel.gr\/wp-content\/uploads\/2023\/07\/Kyklos-logo-2021-GR-1.png\" \/>\n\t<meta property=\"og:image:width\" content=\"280\" \/>\n\t<meta property=\"og:image:height\" content=\"119\" \/>\n\t<meta property=\"og:image:type\" content=\"image\/png\" \/>\n<meta name=\"twitter:card\" content=\"summary_large_image\" \/>\n<meta name=\"twitter:label1\" content=\"Tiempo de lectura\" \/>\n\t<meta name=\"twitter:data1\" content=\"6 minutos\" \/>\n<script type=\"application\/ld+json\" class=\"yoast-schema-graph\">{\"@context\":\"https:\/\/schema.org\",\"@graph\":[{\"@type\":\"WebPage\",\"@id\":\"https:\/\/kyklostravel.gr\/es\/portugal\/\",\"url\":\"https:\/\/kyklostravel.gr\/es\/portugal\/\",\"name\":\"Portugal - Kyklos Travel\",\"isPartOf\":{\"@id\":\"https:\/\/kyklostravel.gr\/es\/#website\"},\"datePublished\":\"2023-11-21T12:07:23+00:00\",\"dateModified\":\"2024-06-07T09:05:21+00:00\",\"description\":\"30 \u03c7\u03c1\u03cc\u03bd\u03b9\u03b1 \u03b5\u03bc\u03c0\u03b5\u03b9\u03c1\u03af\u03b1\u03c2 \u03ba\u03b1\u03b9 \u03b5\u03be\u03b5\u03b9\u03b4\u03af\u03ba\u03b5\u03c5\u03c3\u03b7\u03c2 \u03c3\u03c4\u03b1 \u03c4\u03b1\u03be\u03af\u03b4\u03b9\u03b1 \u03c3\u03c4\u03b7\u03bd \u0399\u03b2\u03b7\u03c1\u03b9\u03ba\u03ae. \u03a4\u03b1 \u03c4\u03b1\u03be\u03af\u03b4\u03b9\u03b1 \u03c3\u03c4\u03bf\u03bd \u039a\u03a5\u039a\u039b\u039f\u03a3 Travel \u03b4\u03b5 \u03c3\u03c4\u03b1\u03bc\u03b1\u03c4\u03bf\u03cd\u03bd \u03c0\u03bf\u03c4\u03ad!\",\"breadcrumb\":{\"@id\":\"https:\/\/kyklostravel.gr\/es\/portugal\/#breadcrumb\"},\"inLanguage\":\"es\",\"potentialAction\":[{\"@type\":\"ReadAction\",\"target\":[\"https:\/\/kyklostravel.gr\/es\/portugal\/\"]}]},{\"@type\":\"BreadcrumbList\",\"@id\":\"https:\/\/kyklostravel.gr\/es\/portugal\/#breadcrumb\",\"itemListElement\":[{\"@type\":\"ListItem\",\"position\":1,\"name\":\"Home\",\"item\":\"https:\/\/kyklostravel.gr\/es\/\"},{\"@type\":\"ListItem\",\"position\":2,\"name\":\"Portugal\"}]},{\"@type\":\"WebSite\",\"@id\":\"https:\/\/kyklostravel.gr\/es\/#website\",\"url\":\"https:\/\/kyklostravel.gr\/es\/\",\"name\":\"Kyklos Travel\",\"description\":\"\u03a4\u03b1\u03be\u03af\u03b4\u03b9\u03b1 \u03c3\u03c4\u03b7\u03bd \u0399\u03c3\u03c0\u03b1\u03bd\u03af\u03b1 \u03ba\u03b1\u03b9 \u03c4\u03b7\u03bd \u03a0\u03bf\u03c1\u03c4\u03bf\u03b3\u03b1\u03bb\u03af\u03b1\",\"publisher\":{\"@id\":\"https:\/\/kyklostravel.gr\/es\/#organization\"},\"potentialAction\":[{\"@type\":\"SearchAction\",\"target\":{\"@type\":\"EntryPoint\",\"urlTemplate\":\"https:\/\/kyklostravel.gr\/es\/?s={search_term_string}\"},\"query-input\":\"required name=search_term_string\"}],\"inLanguage\":\"es\"},{\"@type\":\"Organization\",\"@id\":\"https:\/\/kyklostravel.gr\/es\/#organization\",\"name\":\"Kyklos Travel\",\"url\":\"https:\/\/kyklostravel.gr\/es\/\",\"logo\":{\"@type\":\"ImageObject\",\"inLanguage\":\"es\",\"@id\":\"https:\/\/kyklostravel.gr\/es\/#\/schema\/logo\/image\/\",\"url\":\"https:\/\/kyklostravel.gr\/wp-content\/uploads\/2023\/07\/Kyklos-logo-2021-GR-1.png\",\"contentUrl\":\"https:\/\/kyklostravel.gr\/wp-content\/uploads\/2023\/07\/Kyklos-logo-2021-GR-1.png\",\"width\":280,\"height\":119,\"caption\":\"Kyklos Travel\"},\"image\":{\"@id\":\"https:\/\/kyklostravel.gr\/es\/#\/schema\/logo\/image\/\"},\"sameAs\":[\"https:\/\/www.facebook.com\/kyklostravel?fref=ts\",\"https:\/\/www.instagram.com\/kyklostravel\/\"]}]}<\/script>\n<!-- \/ Yoast SEO plugin. -->","yoast_head_json":{"title":"Portugal - Kyklos Travel","description":"30 \u03c7\u03c1\u03cc\u03bd\u03b9\u03b1 \u03b5\u03bc\u03c0\u03b5\u03b9\u03c1\u03af\u03b1\u03c2 \u03ba\u03b1\u03b9 \u03b5\u03be\u03b5\u03b9\u03b4\u03af\u03ba\u03b5\u03c5\u03c3\u03b7\u03c2 \u03c3\u03c4\u03b1 \u03c4\u03b1\u03be\u03af\u03b4\u03b9\u03b1 \u03c3\u03c4\u03b7\u03bd \u0399\u03b2\u03b7\u03c1\u03b9\u03ba\u03ae. \u03a4\u03b1 \u03c4\u03b1\u03be\u03af\u03b4\u03b9\u03b1 \u03c3\u03c4\u03bf\u03bd \u039a\u03a5\u039a\u039b\u039f\u03a3 Travel \u03b4\u03b5 \u03c3\u03c4\u03b1\u03bc\u03b1\u03c4\u03bf\u03cd\u03bd \u03c0\u03bf\u03c4\u03ad!","robots":{"index":"index","follow":"follow","max-snippet":"max-snippet:-1","max-image-preview":"max-image-preview:large","max-video-preview":"max-video-preview:-1"},"canonical":"https:\/\/kyklostravel.gr\/es\/portugal\/","og_locale":"es_ES","og_type":"article","og_title":"Portugal - Kyklos Travel","og_description":"30 \u03c7\u03c1\u03cc\u03bd\u03b9\u03b1 \u03b5\u03bc\u03c0\u03b5\u03b9\u03c1\u03af\u03b1\u03c2 \u03ba\u03b1\u03b9 \u03b5\u03be\u03b5\u03b9\u03b4\u03af\u03ba\u03b5\u03c5\u03c3\u03b7\u03c2 \u03c3\u03c4\u03b1 \u03c4\u03b1\u03be\u03af\u03b4\u03b9\u03b1 \u03c3\u03c4\u03b7\u03bd \u0399\u03b2\u03b7\u03c1\u03b9\u03ba\u03ae. \u03a4\u03b1 \u03c4\u03b1\u03be\u03af\u03b4\u03b9\u03b1 \u03c3\u03c4\u03bf\u03bd \u039a\u03a5\u039a\u039b\u039f\u03a3 Travel \u03b4\u03b5 \u03c3\u03c4\u03b1\u03bc\u03b1\u03c4\u03bf\u03cd\u03bd \u03c0\u03bf\u03c4\u03ad!","og_url":"https:\/\/kyklostravel.gr\/es\/portugal\/","og_site_name":"Kyklos Travel","article_publisher":"https:\/\/www.facebook.com\/kyklostravel?fref=ts","article_modified_time":"2024-06-07T09:05:21+00:00","og_image":[{"width":280,"height":119,"url":"https:\/\/kyklostravel.gr\/wp-content\/uploads\/2023\/07\/Kyklos-logo-2021-GR-1.png","type":"image\/png"}],"twitter_card":"summary_large_image","twitter_misc":{"Tiempo de lectura":"6 minutos"},"schema":{"@context":"https:\/\/schema.org","@graph":[{"@type":"WebPage","@id":"https:\/\/kyklostravel.gr\/es\/portugal\/","url":"https:\/\/kyklostravel.gr\/es\/portugal\/","name":"Portugal - Kyklos Travel","isPartOf":{"@id":"https:\/\/kyklostravel.gr\/es\/#website"},"datePublished":"2023-11-21T12:07:23+00:00","dateModified":"2024-06-07T09:05:21+00:00","description":"30 \u03c7\u03c1\u03cc\u03bd\u03b9\u03b1 \u03b5\u03bc\u03c0\u03b5\u03b9\u03c1\u03af\u03b1\u03c2 \u03ba\u03b1\u03b9 \u03b5\u03be\u03b5\u03b9\u03b4\u03af\u03ba\u03b5\u03c5\u03c3\u03b7\u03c2 \u03c3\u03c4\u03b1 \u03c4\u03b1\u03be\u03af\u03b4\u03b9\u03b1 \u03c3\u03c4\u03b7\u03bd \u0399\u03b2\u03b7\u03c1\u03b9\u03ba\u03ae. \u03a4\u03b1 \u03c4\u03b1\u03be\u03af\u03b4\u03b9\u03b1 \u03c3\u03c4\u03bf\u03bd \u039a\u03a5\u039a\u039b\u039f\u03a3 Travel \u03b4\u03b5 \u03c3\u03c4\u03b1\u03bc\u03b1\u03c4\u03bf\u03cd\u03bd \u03c0\u03bf\u03c4\u03ad!","breadcrumb":{"@id":"https:\/\/kyklostravel.gr\/es\/portugal\/#breadcrumb"},"inLanguage":"es","potentialAction":[{"@type":"ReadAction","target":["https:\/\/kyklostravel.gr\/es\/portugal\/"]}]},{"@type":"BreadcrumbList","@id":"https:\/\/kyklostravel.gr\/es\/portugal\/#breadcrumb","itemListElement":[{"@type":"ListItem","position":1,"name":"Home","item":"https:\/\/kyklostravel.gr\/es\/"},{"@type":"ListItem","position":2,"name":"Portugal"}]},{"@type":"WebSite","@id":"https:\/\/kyklostravel.gr\/es\/#website","url":"https:\/\/kyklostravel.gr\/es\/","name":"Kyklos Travel","description":"\u03a4\u03b1\u03be\u03af\u03b4\u03b9\u03b1 \u03c3\u03c4\u03b7\u03bd \u0399\u03c3\u03c0\u03b1\u03bd\u03af\u03b1 \u03ba\u03b1\u03b9 \u03c4\u03b7\u03bd \u03a0\u03bf\u03c1\u03c4\u03bf\u03b3\u03b1\u03bb\u03af\u03b1","publisher":{"@id":"https:\/\/kyklostravel.gr\/es\/#organization"},"potentialAction":[{"@type":"SearchAction","target":{"@type":"EntryPoint","urlTemplate":"https:\/\/kyklostravel.gr\/es\/?s={search_term_string}"},"query-input":"required name=search_term_string"}],"inLanguage":"es"},{"@type":"Organization","@id":"https:\/\/kyklostravel.gr\/es\/#organization","name":"Kyklos Travel","url":"https:\/\/kyklostravel.gr\/es\/","logo":{"@type":"ImageObject","inLanguage":"es","@id":"https:\/\/kyklostravel.gr\/es\/#\/schema\/logo\/image\/","url":"https:\/\/kyklostravel.gr\/wp-content\/uploads\/2023\/07\/Kyklos-logo-2021-GR-1.png","contentUrl":"https:\/\/kyklostravel.gr\/wp-content\/uploads\/2023\/07\/Kyklos-logo-2021-GR-1.png","width":280,"height":119,"caption":"Kyklos Travel"},"image":{"@id":"https:\/\/kyklostravel.gr\/es\/#\/schema\/logo\/image\/"},"sameAs":["https:\/\/www.facebook.com\/kyklostravel?fref=ts","https:\/\/www.instagram.com\/kyklostravel\/"]}]}},"_links":{"self":[{"href":"https:\/\/kyklostravel.gr\/es\/wp-json\/wp\/v2\/pages\/2648"}],"collection":[{"href":"https:\/\/kyklostravel.gr\/es\/wp-json\/wp\/v2\/pages"}],"about":[{"href":"https:\/\/kyklostravel.gr\/es\/wp-json\/wp\/v2\/types\/page"}],"author":[{"embeddable":true,"href":"https:\/\/kyklostravel.gr\/es\/wp-json\/wp\/v2\/users\/1"}],"replies":[{"embeddable":true,"href":"https:\/\/kyklostravel.gr\/es\/wp-json\/wp\/v2\/comments?post=2648"}],"version-history":[{"count":3,"href":"https:\/\/kyklostravel.gr\/es\/wp-json\/wp\/v2\/pages\/2648\/revisions"}],"predecessor-version":[{"id":2651,"href":"https:\/\/kyklostravel.gr\/es\/wp-json\/wp\/v2\/pages\/2648\/revisions\/2651"}],"wp:attachment":[{"href":"https:\/\/kyklostravel.gr\/es\/wp-json\/wp\/v2\/media?parent=2648"}],"curies":[{"name":"wp","href":"https:\/\/api.w.org\/{rel}","templated":true}]}}