{"id":2767,"date":"2024-01-24T19:32:39","date_gmt":"2024-01-24T16:32:39","guid":{"rendered":"https:\/\/kyklostravel.gr\/cookies\/"},"modified":"2024-06-26T12:27:35","modified_gmt":"2024-06-26T09:27:35","slug":"cookies","status":"publish","type":"page","link":"https:\/\/kyklostravel.gr\/es\/cookies\/","title":{"rendered":"Cookies"},"content":{"rendered":"<section class=\"wpb-content-wrapper\"><p>[vc_row][vc_column][vc_column_text]<span style=\"font-size: 18pt;\"><strong>Cookies<\/strong><\/span>[\/vc_column_text][vc_column_text]<strong>Las cookies son una parte importante de la experiencia del usuario en el sitio web de CYCLOS Travel<a href=\"http:\/\/www.kyklostravel.gr\/\" target=\"_new\" rel=\"noopener\">(www.kyklostravel.gr)<\/a>. Estos archivos se almacenan en el ordenador, tableta, tel\u00e9fono m\u00f3vil y otros dispositivos del usuario, recopilando informaci\u00f3n relacionada con el uso del sitio web.<\/strong><\/p>\n<p><strong>CYCLOS Travel utiliza Cookies por razones t\u00e9cnicas, buscando garantizar un buen funcionamiento y una \u00f3ptima experiencia de navegaci\u00f3n. Las cookies facilitan la adaptaci\u00f3n del contenido seg\u00fan las preferencias del usuario, mejorando el rendimiento del sitio web y ofreciendo servicios personalizados.<\/strong><\/p>\n<p><strong>Es importante se\u00f1alar que las Cookies no incluyen informaci\u00f3n personal que revele la identidad del usuario. Se utilizan principalmente para obtener datos agregados sobre la navegaci\u00f3n y las preferencias, al servicio de la experiencia personalizada.<\/strong><\/p>\n<p><strong>CYCLOS Travel presta especial atenci\u00f3n a la seguridad de los datos personales mediante el uso de cookies. Mediante el uso de encriptaci\u00f3n SSL al enviar informaci\u00f3n sensible y restringiendo el acceso a los datos s\u00f3lo a los empleados\/empleados de CYCLOS Travel, se garantiza la confidencialidad de la informaci\u00f3n.<\/strong><\/p>\n<p><strong>Para los usuarios que deseen gestionar sus preferencias de cookies, es posible realizar cambios a trav\u00e9s de la configuraci\u00f3n de su navegador. Adem\u00e1s, la notificaci\u00f3n continua al usuario de los cambios en la pol\u00edtica de privacidad garantiza la transparencia y el uso consentido de las cookies en el marco del sitio web de CYCLOS Travel.<\/strong>[\/vc_column_text][\/vc_column][\/vc_row]<\/p>\n<\/section>","protected":false},"excerpt":{"rendered":"<p>[vc_row][vc_column][vc_column_text]Cookies[\/vc_column_text][vc_column_text]Las cookies son una parte importante de la experiencia del usuario en el sitio web de CYCLOS Travel(www.kyklostravel.gr). Estos archivos se almacenan en el ordenador, tableta, tel\u00e9fono m\u00f3vil y otros dispositivos del usuario, recopilando informaci\u00f3n relacionada con el uso del sitio web. CYCLOS Travel utiliza Cookies por razones t\u00e9cnicas, buscando garantizar un buen funcionamiento y&hellip;<\/p>\n","protected":false},"author":1,"featured_media":0,"parent":0,"menu_order":0,"comment_status":"closed","ping_status":"closed","template":"","meta":{"inline_featured_image":false,"footnotes":""},"yoast_head":"<!-- This site is optimized with the Yoast SEO plugin v22.7 - https:\/\/yoast.com\/wordpress\/plugins\/seo\/ -->\n<title>Cookies - Kyklos Travel<\/title>\n<meta name=\"description\" content=\"30 \u03c7\u03c1\u03cc\u03bd\u03b9\u03b1 \u03b5\u03bc\u03c0\u03b5\u03b9\u03c1\u03af\u03b1\u03c2 \u03ba\u03b1\u03b9 \u03b5\u03be\u03b5\u03b9\u03b4\u03af\u03ba\u03b5\u03c5\u03c3\u03b7\u03c2 \u03c3\u03c4\u03b1 \u03c4\u03b1\u03be\u03af\u03b4\u03b9\u03b1 \u03c3\u03c4\u03b7\u03bd \u0399\u03b2\u03b7\u03c1\u03b9\u03ba\u03ae. \u03a4\u03b1 \u03c4\u03b1\u03be\u03af\u03b4\u03b9\u03b1 \u03c3\u03c4\u03bf\u03bd \u039a\u03a5\u039a\u039b\u039f\u03a3 Travel \u03b4\u03b5 \u03c3\u03c4\u03b1\u03bc\u03b1\u03c4\u03bf\u03cd\u03bd \u03c0\u03bf\u03c4\u03ad!\" \/>\n<meta name=\"robots\" content=\"index, follow, max-snippet:-1, max-image-preview:large, max-video-preview:-1\" \/>\n<link rel=\"canonical\" href=\"https:\/\/kyklostravel.gr\/es\/cookies\/\" \/>\n<meta property=\"og:locale\" content=\"es_ES\" \/>\n<meta property=\"og:type\" content=\"article\" \/>\n<meta property=\"og:title\" content=\"Cookies - Kyklos Travel\" \/>\n<meta property=\"og:description\" content=\"30 \u03c7\u03c1\u03cc\u03bd\u03b9\u03b1 \u03b5\u03bc\u03c0\u03b5\u03b9\u03c1\u03af\u03b1\u03c2 \u03ba\u03b1\u03b9 \u03b5\u03be\u03b5\u03b9\u03b4\u03af\u03ba\u03b5\u03c5\u03c3\u03b7\u03c2 \u03c3\u03c4\u03b1 \u03c4\u03b1\u03be\u03af\u03b4\u03b9\u03b1 \u03c3\u03c4\u03b7\u03bd \u0399\u03b2\u03b7\u03c1\u03b9\u03ba\u03ae. \u03a4\u03b1 \u03c4\u03b1\u03be\u03af\u03b4\u03b9\u03b1 \u03c3\u03c4\u03bf\u03bd \u039a\u03a5\u039a\u039b\u039f\u03a3 Travel \u03b4\u03b5 \u03c3\u03c4\u03b1\u03bc\u03b1\u03c4\u03bf\u03cd\u03bd \u03c0\u03bf\u03c4\u03ad!\" \/>\n<meta property=\"og:url\" content=\"https:\/\/kyklostravel.gr\/es\/cookies\/\" \/>\n<meta property=\"og:site_name\" content=\"Kyklos Travel\" \/>\n<meta property=\"article:publisher\" content=\"https:\/\/www.facebook.com\/kyklostravel?fref=ts\" \/>\n<meta property=\"article:modified_time\" content=\"2024-06-26T09:27:35+00:00\" \/>\n<meta property=\"og:image\" content=\"https:\/\/kyklostravel.gr\/wp-content\/uploads\/2023\/07\/Kyklos-logo-2021-GR-1.png\" \/>\n\t<meta property=\"og:image:width\" content=\"280\" \/>\n\t<meta property=\"og:image:height\" content=\"119\" \/>\n\t<meta property=\"og:image:type\" content=\"image\/png\" \/>\n<meta name=\"twitter:card\" content=\"summary_large_image\" \/>\n<meta name=\"twitter:label1\" content=\"Tiempo de lectura\" \/>\n\t<meta name=\"twitter:data1\" content=\"1 minuto\" \/>\n<script type=\"application\/ld+json\" class=\"yoast-schema-graph\">{\"@context\":\"https:\/\/schema.org\",\"@graph\":[{\"@type\":\"WebPage\",\"@id\":\"https:\/\/kyklostravel.gr\/es\/cookies\/\",\"url\":\"https:\/\/kyklostravel.gr\/es\/cookies\/\",\"name\":\"Cookies - Kyklos Travel\",\"isPartOf\":{\"@id\":\"https:\/\/kyklostravel.gr\/es\/#website\"},\"datePublished\":\"2024-01-24T16:32:39+00:00\",\"dateModified\":\"2024-06-26T09:27:35+00:00\",\"description\":\"30 \u03c7\u03c1\u03cc\u03bd\u03b9\u03b1 \u03b5\u03bc\u03c0\u03b5\u03b9\u03c1\u03af\u03b1\u03c2 \u03ba\u03b1\u03b9 \u03b5\u03be\u03b5\u03b9\u03b4\u03af\u03ba\u03b5\u03c5\u03c3\u03b7\u03c2 \u03c3\u03c4\u03b1 \u03c4\u03b1\u03be\u03af\u03b4\u03b9\u03b1 \u03c3\u03c4\u03b7\u03bd \u0399\u03b2\u03b7\u03c1\u03b9\u03ba\u03ae. \u03a4\u03b1 \u03c4\u03b1\u03be\u03af\u03b4\u03b9\u03b1 \u03c3\u03c4\u03bf\u03bd \u039a\u03a5\u039a\u039b\u039f\u03a3 Travel \u03b4\u03b5 \u03c3\u03c4\u03b1\u03bc\u03b1\u03c4\u03bf\u03cd\u03bd \u03c0\u03bf\u03c4\u03ad!\",\"breadcrumb\":{\"@id\":\"https:\/\/kyklostravel.gr\/es\/cookies\/#breadcrumb\"},\"inLanguage\":\"es\",\"potentialAction\":[{\"@type\":\"ReadAction\",\"target\":[\"https:\/\/kyklostravel.gr\/es\/cookies\/\"]}]},{\"@type\":\"BreadcrumbList\",\"@id\":\"https:\/\/kyklostravel.gr\/es\/cookies\/#breadcrumb\",\"itemListElement\":[{\"@type\":\"ListItem\",\"position\":1,\"name\":\"Home\",\"item\":\"https:\/\/kyklostravel.gr\/es\/\"},{\"@type\":\"ListItem\",\"position\":2,\"name\":\"Cookies\"}]},{\"@type\":\"WebSite\",\"@id\":\"https:\/\/kyklostravel.gr\/es\/#website\",\"url\":\"https:\/\/kyklostravel.gr\/es\/\",\"name\":\"Kyklos Travel\",\"description\":\"\u03a4\u03b1\u03be\u03af\u03b4\u03b9\u03b1 \u03c3\u03c4\u03b7\u03bd \u0399\u03c3\u03c0\u03b1\u03bd\u03af\u03b1 \u03ba\u03b1\u03b9 \u03c4\u03b7\u03bd \u03a0\u03bf\u03c1\u03c4\u03bf\u03b3\u03b1\u03bb\u03af\u03b1\",\"publisher\":{\"@id\":\"https:\/\/kyklostravel.gr\/es\/#organization\"},\"potentialAction\":[{\"@type\":\"SearchAction\",\"target\":{\"@type\":\"EntryPoint\",\"urlTemplate\":\"https:\/\/kyklostravel.gr\/es\/?s={search_term_string}\"},\"query-input\":\"required name=search_term_string\"}],\"inLanguage\":\"es\"},{\"@type\":\"Organization\",\"@id\":\"https:\/\/kyklostravel.gr\/es\/#organization\",\"name\":\"Kyklos Travel\",\"url\":\"https:\/\/kyklostravel.gr\/es\/\",\"logo\":{\"@type\":\"ImageObject\",\"inLanguage\":\"es\",\"@id\":\"https:\/\/kyklostravel.gr\/es\/#\/schema\/logo\/image\/\",\"url\":\"https:\/\/kyklostravel.gr\/wp-content\/uploads\/2023\/07\/Kyklos-logo-2021-GR-1.png\",\"contentUrl\":\"https:\/\/kyklostravel.gr\/wp-content\/uploads\/2023\/07\/Kyklos-logo-2021-GR-1.png\",\"width\":280,\"height\":119,\"caption\":\"Kyklos Travel\"},\"image\":{\"@id\":\"https:\/\/kyklostravel.gr\/es\/#\/schema\/logo\/image\/\"},\"sameAs\":[\"https:\/\/www.facebook.com\/kyklostravel?fref=ts\",\"https:\/\/www.instagram.com\/kyklostravel\/\"]}]}<\/script>\n<!-- \/ Yoast SEO plugin. -->","yoast_head_json":{"title":"Cookies - Kyklos Travel","description":"30 \u03c7\u03c1\u03cc\u03bd\u03b9\u03b1 \u03b5\u03bc\u03c0\u03b5\u03b9\u03c1\u03af\u03b1\u03c2 \u03ba\u03b1\u03b9 \u03b5\u03be\u03b5\u03b9\u03b4\u03af\u03ba\u03b5\u03c5\u03c3\u03b7\u03c2 \u03c3\u03c4\u03b1 \u03c4\u03b1\u03be\u03af\u03b4\u03b9\u03b1 \u03c3\u03c4\u03b7\u03bd \u0399\u03b2\u03b7\u03c1\u03b9\u03ba\u03ae. \u03a4\u03b1 \u03c4\u03b1\u03be\u03af\u03b4\u03b9\u03b1 \u03c3\u03c4\u03bf\u03bd \u039a\u03a5\u039a\u039b\u039f\u03a3 Travel \u03b4\u03b5 \u03c3\u03c4\u03b1\u03bc\u03b1\u03c4\u03bf\u03cd\u03bd \u03c0\u03bf\u03c4\u03ad!","robots":{"index":"index","follow":"follow","max-snippet":"max-snippet:-1","max-image-preview":"max-image-preview:large","max-video-preview":"max-video-preview:-1"},"canonical":"https:\/\/kyklostravel.gr\/es\/cookies\/","og_locale":"es_ES","og_type":"article","og_title":"Cookies - Kyklos Travel","og_description":"30 \u03c7\u03c1\u03cc\u03bd\u03b9\u03b1 \u03b5\u03bc\u03c0\u03b5\u03b9\u03c1\u03af\u03b1\u03c2 \u03ba\u03b1\u03b9 \u03b5\u03be\u03b5\u03b9\u03b4\u03af\u03ba\u03b5\u03c5\u03c3\u03b7\u03c2 \u03c3\u03c4\u03b1 \u03c4\u03b1\u03be\u03af\u03b4\u03b9\u03b1 \u03c3\u03c4\u03b7\u03bd \u0399\u03b2\u03b7\u03c1\u03b9\u03ba\u03ae. \u03a4\u03b1 \u03c4\u03b1\u03be\u03af\u03b4\u03b9\u03b1 \u03c3\u03c4\u03bf\u03bd \u039a\u03a5\u039a\u039b\u039f\u03a3 Travel \u03b4\u03b5 \u03c3\u03c4\u03b1\u03bc\u03b1\u03c4\u03bf\u03cd\u03bd \u03c0\u03bf\u03c4\u03ad!","og_url":"https:\/\/kyklostravel.gr\/es\/cookies\/","og_site_name":"Kyklos Travel","article_publisher":"https:\/\/www.facebook.com\/kyklostravel?fref=ts","article_modified_time":"2024-06-26T09:27:35+00:00","og_image":[{"width":280,"height":119,"url":"https:\/\/kyklostravel.gr\/wp-content\/uploads\/2023\/07\/Kyklos-logo-2021-GR-1.png","type":"image\/png"}],"twitter_card":"summary_large_image","twitter_misc":{"Tiempo de lectura":"1 minuto"},"schema":{"@context":"https:\/\/schema.org","@graph":[{"@type":"WebPage","@id":"https:\/\/kyklostravel.gr\/es\/cookies\/","url":"https:\/\/kyklostravel.gr\/es\/cookies\/","name":"Cookies - Kyklos Travel","isPartOf":{"@id":"https:\/\/kyklostravel.gr\/es\/#website"},"datePublished":"2024-01-24T16:32:39+00:00","dateModified":"2024-06-26T09:27:35+00:00","description":"30 \u03c7\u03c1\u03cc\u03bd\u03b9\u03b1 \u03b5\u03bc\u03c0\u03b5\u03b9\u03c1\u03af\u03b1\u03c2 \u03ba\u03b1\u03b9 \u03b5\u03be\u03b5\u03b9\u03b4\u03af\u03ba\u03b5\u03c5\u03c3\u03b7\u03c2 \u03c3\u03c4\u03b1 \u03c4\u03b1\u03be\u03af\u03b4\u03b9\u03b1 \u03c3\u03c4\u03b7\u03bd \u0399\u03b2\u03b7\u03c1\u03b9\u03ba\u03ae. \u03a4\u03b1 \u03c4\u03b1\u03be\u03af\u03b4\u03b9\u03b1 \u03c3\u03c4\u03bf\u03bd \u039a\u03a5\u039a\u039b\u039f\u03a3 Travel \u03b4\u03b5 \u03c3\u03c4\u03b1\u03bc\u03b1\u03c4\u03bf\u03cd\u03bd \u03c0\u03bf\u03c4\u03ad!","breadcrumb":{"@id":"https:\/\/kyklostravel.gr\/es\/cookies\/#breadcrumb"},"inLanguage":"es","potentialAction":[{"@type":"ReadAction","target":["https:\/\/kyklostravel.gr\/es\/cookies\/"]}]},{"@type":"BreadcrumbList","@id":"https:\/\/kyklostravel.gr\/es\/cookies\/#breadcrumb","itemListElement":[{"@type":"ListItem","position":1,"name":"Home","item":"https:\/\/kyklostravel.gr\/es\/"},{"@type":"ListItem","position":2,"name":"Cookies"}]},{"@type":"WebSite","@id":"https:\/\/kyklostravel.gr\/es\/#website","url":"https:\/\/kyklostravel.gr\/es\/","name":"Kyklos Travel","description":"\u03a4\u03b1\u03be\u03af\u03b4\u03b9\u03b1 \u03c3\u03c4\u03b7\u03bd \u0399\u03c3\u03c0\u03b1\u03bd\u03af\u03b1 \u03ba\u03b1\u03b9 \u03c4\u03b7\u03bd \u03a0\u03bf\u03c1\u03c4\u03bf\u03b3\u03b1\u03bb\u03af\u03b1","publisher":{"@id":"https:\/\/kyklostravel.gr\/es\/#organization"},"potentialAction":[{"@type":"SearchAction","target":{"@type":"EntryPoint","urlTemplate":"https:\/\/kyklostravel.gr\/es\/?s={search_term_string}"},"query-input":"required name=search_term_string"}],"inLanguage":"es"},{"@type":"Organization","@id":"https:\/\/kyklostravel.gr\/es\/#organization","name":"Kyklos Travel","url":"https:\/\/kyklostravel.gr\/es\/","logo":{"@type":"ImageObject","inLanguage":"es","@id":"https:\/\/kyklostravel.gr\/es\/#\/schema\/logo\/image\/","url":"https:\/\/kyklostravel.gr\/wp-content\/uploads\/2023\/07\/Kyklos-logo-2021-GR-1.png","contentUrl":"https:\/\/kyklostravel.gr\/wp-content\/uploads\/2023\/07\/Kyklos-logo-2021-GR-1.png","width":280,"height":119,"caption":"Kyklos Travel"},"image":{"@id":"https:\/\/kyklostravel.gr\/es\/#\/schema\/logo\/image\/"},"sameAs":["https:\/\/www.facebook.com\/kyklostravel?fref=ts","https:\/\/www.instagram.com\/kyklostravel\/"]}]}},"_links":{"self":[{"href":"https:\/\/kyklostravel.gr\/es\/wp-json\/wp\/v2\/pages\/2767"}],"collection":[{"href":"https:\/\/kyklostravel.gr\/es\/wp-json\/wp\/v2\/pages"}],"about":[{"href":"https:\/\/kyklostravel.gr\/es\/wp-json\/wp\/v2\/types\/page"}],"author":[{"embeddable":true,"href":"https:\/\/kyklostravel.gr\/es\/wp-json\/wp\/v2\/users\/1"}],"replies":[{"embeddable":true,"href":"https:\/\/kyklostravel.gr\/es\/wp-json\/wp\/v2\/comments?post=2767"}],"version-history":[{"count":5,"href":"https:\/\/kyklostravel.gr\/es\/wp-json\/wp\/v2\/pages\/2767\/revisions"}],"predecessor-version":[{"id":2772,"href":"https:\/\/kyklostravel.gr\/es\/wp-json\/wp\/v2\/pages\/2767\/revisions\/2772"}],"wp:attachment":[{"href":"https:\/\/kyklostravel.gr\/es\/wp-json\/wp\/v2\/media?parent=2767"}],"curies":[{"name":"wp","href":"https:\/\/api.w.org\/{rel}","templated":true}]}}